{"id":11130,"date":"2022-06-17T08:14:52","date_gmt":"2022-06-17T06:14:52","guid":{"rendered":"https:\/\/lt-laborhandel.de\/produkt\/buerkle-loesemittelpumpe-fussbetrieb-auslaufschlauch-hahn-5603-3000\/"},"modified":"2026-01-09T21:21:56","modified_gmt":"2026-01-09T20:21:56","slug":"buerkle-loesemittelpumpe-fussbetrieb-auslaufschlauch-hahn-5603-3000","status":"publish","type":"product","link":"https:\/\/lt-laborhandel.de\/en\/produkt\/buerkle-loesemittelpumpe-fussbetrieb-auslaufschlauch-hahn-5603-3000\/","title":{"rendered":"B\u00fcrkle, L\u00f6semittelpumpe Fu\u00dfbetrieb-Auslaufschlauch &#038; Hahn, #5603-3000"},"content":{"rendered":"<p>Fasspumpe f\u00fcr L\u00f6semittel mit Auslaufschlauch und Absperrhahn aus Edelstahl\/PTFE. Die L\u00f6semittelpumpe mit Fu\u00dfbetrieb ist speziell f\u00fcr das Abf\u00fcllen von hochreinen Fl\u00fcssigkeiten wie z.B. L\u00f6sungsmitteln geeignet.<\/p>\n<p>Abf\u00fcllen brennbarer Fl\u00fcssigkeiten<\/p>\n<p>Alle mediumsber\u00fchrten Teile sind aus Edelstahl (1.4301) und PTFE gefertigt. Mit dem Antistatik-Set von B\u00fcrkle kann die Pumpe beim Abf\u00fcllen von brennbaren Fl\u00fcssigkeiten geerdet werden, damit sich keine elektrostatische Aufladung bildet.<\/p>\n<p>Schutz vor gef\u00e4hrlichen D\u00e4mpfen<\/p>\n<p>Durch die Fassverschraubung und die beiden Absperrh\u00e4hne k\u00f6nnen das Gebinde und die Pumpe hermetisch verschlossen werden. Somit k\u00f6nnen nach dem Abf\u00fcllen keine unerw\u00fcnschten D\u00e4mpfe entweichen. Auf diese Weise werden Gesundheit und Umwelt gesch\u00fctzt.<\/p>\n<p>Robuste und praktische Bauweise<\/p>\n<p>Die massive und langlebige Industrieausf\u00fchrung der L\u00f6semittelpumpe stellt eine lange Lebensdauer sicher. Die Pumpe arbeitet nach dem \u00dcberdruckprinzip. Mit dem Fu\u00dfbalg wird ein \u00dcberdruck im Beh\u00e4lter aufgebaut, der die Fl\u00fcssigkeit aus dem Gebinde herausdr\u00fcckt. Durch die einfache Bedienung der Pumpe mit dem Fu\u00dfbalg bleiben beide H\u00e4nde zum Abf\u00fcllen frei. Mit dem praktischen Clip-Anschluss kann der Luftschlauch schnell und einfach an- und abgesteckt werden.<\/p>\n<p>Tauchrohr auf Fasstiefe stufenlos einstellbar<\/p>\n<p>F\u00fcr F\u00e4sser bis 220 Liter<\/p>\n<p>Passend f\u00fcr Stahlf\u00e4sser mit R 2&#8243; Gewinde<\/p>\n<p>Gewindeadapter f\u00fcr handels\u00fcbliche Beh\u00e4lter und Luftfilter f\u00fcr besonders reines Abf\u00fcllen als Zubeh\u00f6r erh\u00e4ltlich<\/p>\n<p>Achtung! Beim Abf\u00fcllen von brennbaren Fl\u00fcssigkeiten m\u00fcssen Fass und Pumpe geerdet sein! Antistatik-Set verwenden!<\/p>\n<p>Sterilit\u00e4t:\tNein<\/p>\n","protected":false},"excerpt":{"rendered":"<p><b>Zubeh\u00f6r- und Ersatzteile erhalten Sie gerne auf Anfrage!<\/b><\/p>\n","protected":false},"featured_media":10780,"template":"","meta":[],"product_brand":[],"product_cat":[218],"product_tag":[],"class_list":{"0":"post-11130","1":"product","2":"type-product","3":"status-publish","4":"has-post-thumbnail","6":"product_cat-fasspumpen","7":"product_shipping_class-standard","9":"first","10":"instock","11":"taxable","12":"shipping-taxable","13":"purchasable","14":"product-type-simple"},"tiered_pricing_type":"fixed","tiered_pricing_fixed_rules":[],"tiered_pricing_product_settings":{"layout":"default","base_unit_name":{"singular":null,"plural":null},"default_variation":null},"tiered_pricing_minimum_quantity":null,"tiered_pricing_roles_data":[],"tiered_pricing_percentage_rules":[],"_links":{"self":[{"href":"https:\/\/lt-laborhandel.de\/en\/wp-json\/wp\/v2\/product\/11130","targetHints":{"allow":["GET"]}}],"collection":[{"href":"https:\/\/lt-laborhandel.de\/en\/wp-json\/wp\/v2\/product"}],"about":[{"href":"https:\/\/lt-laborhandel.de\/en\/wp-json\/wp\/v2\/types\/product"}],"wp:featuredmedia":[{"embeddable":true,"href":"https:\/\/lt-laborhandel.de\/en\/wp-json\/wp\/v2\/media\/10780"}],"wp:attachment":[{"href":"https:\/\/lt-laborhandel.de\/en\/wp-json\/wp\/v2\/media?parent=11130"}],"wp:term":[{"taxonomy":"product_brand","embeddable":true,"href":"https:\/\/lt-laborhandel.de\/en\/wp-json\/wp\/v2\/product_brand?post=11130"},{"taxonomy":"product_cat","embeddable":true,"href":"https:\/\/lt-laborhandel.de\/en\/wp-json\/wp\/v2\/product_cat?post=11130"},{"taxonomy":"product_tag","embeddable":true,"href":"https:\/\/lt-laborhandel.de\/en\/wp-json\/wp\/v2\/product_tag?post=11130"}],"curies":[{"name":"wp","href":"https:\/\/api.w.org\/{rel}","templated":true}]}}