{"id":11129,"date":"2022-06-17T08:14:52","date_gmt":"2022-06-17T06:14:52","guid":{"rendered":"https:\/\/lt-laborhandel.de\/produkt\/buerkle-loesemittelpumpe-hand-fuer-weissblechkanister-60-cm-5603-2000\/"},"modified":"2026-01-26T15:46:36","modified_gmt":"2026-01-26T14:46:36","slug":"buerkle-loesemittelpumpe-hand-fuer-weissblechkanister-60-cm-5603-2000","status":"publish","type":"product","link":"https:\/\/lt-laborhandel.de\/en\/produkt\/buerkle-loesemittelpumpe-hand-fuer-weissblechkanister-60-cm-5603-2000\/","title":{"rendered":"B\u00fcrkle, L\u00f6semittelpumpe Hand f\u00fcr Wei\u00dfblechkanister, 60cm, #5603-2000"},"content":{"rendered":"<p>Die L\u00f6semittelpumpe f\u00fcr Wei\u00dfblechkanister mit Balgverschluss macht dem riskanten Ausgie\u00dfen gef\u00e4hrlicher Stoffe in andere Beh\u00e4lter ein Ende. Der mitgelieferte Gewindeanschluss passt auf den Standard-Balgverschluss \u2013 Sicherheit im Handumdrehen! Die L\u00f6semittelpumpe Handbetrieb ist f\u00fcr die kontaminationsfreie Entnahme von organischen L\u00f6sungsmitteln und aromatischen Verbindungen geeignet. Die Handpumpe arbeitet nach dem \u00dcberdruckprinzip. Mit dem Pumpenball wird ein \u00dcberdruck im Beh\u00e4lter aufgebaut, der die Fl\u00fcssigkeit aus dem Gebinde herausdr\u00fcckt.<\/p>\n<p>Abf\u00fcllen brennbarer Fl\u00fcssigkeiten<\/p>\n<p>Alle mediumsber\u00fchrten Teile sind aus Edelstahl (1.4301) und PTFE gefertigt. Mit Hilfe des Antistatik-Sets von B\u00fcrkle kann die Pumpe beim Abf\u00fcllen von brennbaren Fl\u00fcssigkeiten geerdet werden, damit sich keine elektrostatischen Aufladungen bilden k\u00f6nnen.<\/p>\n<p>Gasdichte Ausf\u00fchrung<\/p>\n<p>Durch die beiden Kugelh\u00e4hne ist die Pumpe komplett absperrbar, somit k\u00f6nnen nach dem Abf\u00fcllen keine gef\u00e4hrlichen D\u00e4mpfe entweichen.<\/p>\n<p>Passend f\u00fcr verschiedene Beh\u00e4lter<\/p>\n<p>Die Handpumpe f\u00fcr L\u00f6semittel ist f\u00fcr Beh\u00e4lter bis 60 Liter geeignet. Die L\u00f6semittelpumpe f\u00fcr Wei\u00dfblechkanister besitzt ein Anschlussgewinde f\u00fcr Balgverschl\u00fcsse.<\/p>\n<p>Mediumsber\u00fchrte Teile aus Edelstahl (1.4301) und PTFE<\/p>\n<p>Fester Auslaufbogen mit Absperrhahn aus Edelstahl\/PTFE<\/p>\n<p>Passend f\u00fcr Beh\u00e4lter mit R 2&#8243; Gewinde<\/p>\n<p>Gewindeadapter f\u00fcr handels\u00fcbliche Beh\u00e4lter als Zubeh\u00f6r erh\u00e4ltlich<\/p>\n<p>Achtung! Beim Abf\u00fcllen von brennbaren Fl\u00fcssigkeiten m\u00fcssen Fass und Pumpe geerdet sein! Antistatik-Set verwenden!<\/p>\n<p>Sterilit\u00e4t:\tNein<\/p>\n","protected":false},"excerpt":{"rendered":"<p><b>Zubeh\u00f6r- und Ersatzteile erhalten Sie gerne auf Anfrage!<\/b><\/p>\n","protected":false},"featured_media":10778,"template":"","meta":[],"product_brand":[],"product_cat":[218],"product_tag":[],"class_list":{"0":"post-11129","1":"product","2":"type-product","3":"status-publish","4":"has-post-thumbnail","6":"product_cat-fasspumpen","7":"product_shipping_class-standard","9":"first","10":"instock","11":"taxable","12":"shipping-taxable","13":"purchasable","14":"product-type-simple"},"tiered_pricing_type":"fixed","tiered_pricing_fixed_rules":[],"tiered_pricing_product_settings":{"layout":"default","base_unit_name":{"singular":null,"plural":null},"default_variation":null},"tiered_pricing_minimum_quantity":null,"tiered_pricing_roles_data":[],"tiered_pricing_percentage_rules":[],"_links":{"self":[{"href":"https:\/\/lt-laborhandel.de\/en\/wp-json\/wp\/v2\/product\/11129","targetHints":{"allow":["GET"]}}],"collection":[{"href":"https:\/\/lt-laborhandel.de\/en\/wp-json\/wp\/v2\/product"}],"about":[{"href":"https:\/\/lt-laborhandel.de\/en\/wp-json\/wp\/v2\/types\/product"}],"wp:featuredmedia":[{"embeddable":true,"href":"https:\/\/lt-laborhandel.de\/en\/wp-json\/wp\/v2\/media\/10778"}],"wp:attachment":[{"href":"https:\/\/lt-laborhandel.de\/en\/wp-json\/wp\/v2\/media?parent=11129"}],"wp:term":[{"taxonomy":"product_brand","embeddable":true,"href":"https:\/\/lt-laborhandel.de\/en\/wp-json\/wp\/v2\/product_brand?post=11129"},{"taxonomy":"product_cat","embeddable":true,"href":"https:\/\/lt-laborhandel.de\/en\/wp-json\/wp\/v2\/product_cat?post=11129"},{"taxonomy":"product_tag","embeddable":true,"href":"https:\/\/lt-laborhandel.de\/en\/wp-json\/wp\/v2\/product_tag?post=11129"}],"curies":[{"name":"wp","href":"https:\/\/api.w.org\/{rel}","templated":true}]}}