{"id":11121,"date":"2022-06-17T08:14:49","date_gmt":"2022-06-17T06:14:49","guid":{"rendered":"https:\/\/lt-laborhandel.de\/produkt\/buerkle-fasspumpe-edelstahl-auslaufbogen-36-cm-190ml-hub-5601-0400\/"},"modified":"2026-01-09T21:21:54","modified_gmt":"2026-01-09T20:21:54","slug":"buerkle-fasspumpe-edelstahl-auslaufbogen-36-cm-190ml-hub-5601-0400","status":"publish","type":"product","link":"https:\/\/lt-laborhandel.de\/en\/produkt\/buerkle-fasspumpe-edelstahl-auslaufbogen-36-cm-190ml-hub-5601-0400\/","title":{"rendered":"B\u00fcrkle, Fasspumpe Edelstahl-Auslaufbogen, 36 cm, 190ml\/Hub, #5601-0400"},"content":{"rendered":"<p>Fasspumpe Edelstahl mit Auslaufbogen.<\/p>\n<p>Die B\u00fcrkle Fasspumpe aus Edelstahl (1.4301) eignet sich f\u00fcr das Abf\u00fcllen von brennbaren und leichtentz\u00fcndlichen Fl\u00fcssigkeiten. Die Fasspumpe ist elektrisch leitf\u00e4hig und erf\u00fcllt somit in Verbindung mit dem Antistatik-Set die Anforderungen beim Umgang mit brennbaren Fl\u00fcssigkeiten.<\/p>\n<p>Die PTFE-Dichtungen gew\u00e4hrleisten einen dauerhaften und wartungsfreien Einsatz. Pumpleistung je nach Pumpenl\u00e4nge ca. 9 bis 22 l\/min.<\/p>\n<p>Das umfangreiche Zubeh\u00f6r erm\u00f6glicht es, die Fasspumpe an unterschiedlichste Anforderungen anzupassen.<\/p>\n<p>Auslaufbogen abschraubbar<\/p>\n<p>Tauchrohr \u00d8 32 mm<\/p>\n<p>Nicht f\u00fcr Aceton geeignet!<\/p>\n<p>Achtung! Beim Abf\u00fcllen von brennbaren Fl\u00fcssigkeiten m\u00fcssen Fass und Pumpe geerdet sein! Antistatik-Set verwenden!<\/p>\n<p>Sterilit\u00e4t:\tNein<\/p>\n","protected":false},"excerpt":{"rendered":"<p><b>Zubeh\u00f6r- und Ersatzteile erhalten Sie gerne auf Anfrage!<\/b><\/p>\n","protected":false},"featured_media":10772,"template":"","meta":[],"product_brand":[],"product_cat":[218],"product_tag":[],"class_list":{"0":"post-11121","1":"product","2":"type-product","3":"status-publish","4":"has-post-thumbnail","6":"product_cat-fasspumpen","7":"product_shipping_class-standard","9":"first","10":"instock","11":"taxable","12":"shipping-taxable","13":"purchasable","14":"product-type-simple"},"tiered_pricing_type":"fixed","tiered_pricing_fixed_rules":{"5":197},"tiered_pricing_product_settings":{"layout":"default","base_unit_name":{"singular":null,"plural":null},"default_variation":null},"tiered_pricing_minimum_quantity":null,"tiered_pricing_roles_data":[],"tiered_pricing_percentage_rules":[],"_links":{"self":[{"href":"https:\/\/lt-laborhandel.de\/en\/wp-json\/wp\/v2\/product\/11121","targetHints":{"allow":["GET"]}}],"collection":[{"href":"https:\/\/lt-laborhandel.de\/en\/wp-json\/wp\/v2\/product"}],"about":[{"href":"https:\/\/lt-laborhandel.de\/en\/wp-json\/wp\/v2\/types\/product"}],"wp:featuredmedia":[{"embeddable":true,"href":"https:\/\/lt-laborhandel.de\/en\/wp-json\/wp\/v2\/media\/10772"}],"wp:attachment":[{"href":"https:\/\/lt-laborhandel.de\/en\/wp-json\/wp\/v2\/media?parent=11121"}],"wp:term":[{"taxonomy":"product_brand","embeddable":true,"href":"https:\/\/lt-laborhandel.de\/en\/wp-json\/wp\/v2\/product_brand?post=11121"},{"taxonomy":"product_cat","embeddable":true,"href":"https:\/\/lt-laborhandel.de\/en\/wp-json\/wp\/v2\/product_cat?post=11121"},{"taxonomy":"product_tag","embeddable":true,"href":"https:\/\/lt-laborhandel.de\/en\/wp-json\/wp\/v2\/product_tag?post=11121"}],"curies":[{"name":"wp","href":"https:\/\/api.w.org\/{rel}","templated":true}]}}