{"id":11114,"date":"2022-06-17T08:14:47","date_gmt":"2022-06-17T06:14:47","guid":{"rendered":"https:\/\/lt-laborhandel.de\/produkt\/buerkle-tauchbombe-messing-500-ml-hxo-300x75-mm-30kg-5365-7500\/"},"modified":"2026-01-09T21:21:53","modified_gmt":"2026-01-09T20:21:53","slug":"buerkle-tauchbombe-messing-500-ml-hxo-300x75-mm-30kg-5365-7500","status":"publish","type":"product","link":"https:\/\/lt-laborhandel.de\/en\/produkt\/buerkle-tauchbombe-messing-500-ml-hxo-300x75-mm-30kg-5365-7500\/","title":{"rendered":"B\u00fcrkle, Tauchbombe, Messing, 500 ml, Hx\u00d8 300&#215;75 mm, 3,0kg, #5365-7500"},"content":{"rendered":"<p>Tauchbombe zur Probenahme von Roh\u00f6len, fl\u00fcssigen Mineral\u00f6lerzeugnissen, Kraftstoffen, Spezial- und Testbenzinen, Heiz\u00f6len, Petroleum und fl\u00fcssigen Schmierstoffen gem\u00e4\u00df Explosionsgruppen IIA, IIB und IIC. Komplett aus nicht funkenziehendem Messing hergestellt, vernickelt. Tauchbeh\u00e4lter werden in den verschiedensten Bereichen zum Sammeln von Fl\u00fcssigkeiten zur Probenahme eingesetzt. B\u00fcrkle produziert das mit Abstand umfangreichste Sortiment an Tauchbeh\u00e4ltern, sozusagen f\u00fcr jede Anwendung das richtige Produkt.<\/p>\n<p>B\u00fcrkle bietet Tauchflaschen und Tauchbomben f\u00fcr Sedimente, f\u00fcr den Umweltbereich, f\u00fcr chemisch aggressive Produkte, f\u00fcr die Petrochemie, f\u00fcr den Ex-Schutz-Bereich u.v.m. Die Tauchflaschen f\u00fcr den Ex-Schutz-Bereich sind aus Messing vernickelt hergestellt, somit oxidieren sie nicht.<\/p>\n<p>Tauchbeh\u00e4lter k\u00f6nnen f\u00fcr Zielpunktproben, Allschichtproben und Bodenproben verwendet werden.<\/p>\n<p>Tauchbeh\u00e4lter sind schwer. Zum Absenken bedarf es spezieller Handseilspulen mit gro\u00dfen Wickeldurchmessern. Andere Seilspulen belasten die Handgelenke der Anwender stark und k\u00f6nnen zu Gesundheitssch\u00e4den f\u00fchren. Senkseile und Senkketten in verschiedensten Materialien sowie Handseilspulen, auch f\u00fcr den Ex-Bereich sind als Zubeh\u00f6r erh\u00e4ltlich.<\/p>\n<p>Abschraubbares Oberteil erm\u00f6glicht einfache Reinigung<\/p>\n<p>Hohes Gewicht f\u00fcr schnelle Absenkung<\/p>\n<p>Robuster Tragegriff<\/p>\n<p>Gepr\u00fcft f\u00fcr den Einsatz in EX-Schutzzone 0<\/p>\n<p>Bitte gew\u00fcnschtes Senkseil separat bestellen.<\/p>\n<p>Bei der Probenahme von brennbaren, leicht entz\u00fcndlichen Fl\u00fcssigkeiten m\u00fcssen die Ex-Schutz-Richtlinien beachtet werden. Es d\u00fcrfen dann nur elektrisch leitf\u00e4hige Senkseile aus nicht funkenziehenden Werkstoffen und elektrisch leitf\u00e4hige Handseilspulen (mit Erdungsanschluss) eingesetzt werden.<\/p>\n<p>Sterilit\u00e4t:\tNein<\/p>\n","protected":false},"excerpt":{"rendered":"<p><b>Zubeh\u00f6r- und Ersatzteile erhalten Sie gerne auf Anfrage!<\/b><\/p>\n","protected":false},"featured_media":10890,"template":"","meta":[],"product_brand":[],"product_cat":[217],"product_tag":[],"class_list":{"0":"post-11114","1":"product","2":"type-product","3":"status-publish","4":"has-post-thumbnail","6":"product_cat-probenentnahmegeraete","7":"product_shipping_class-standard","9":"first","10":"instock","11":"taxable","12":"shipping-taxable","13":"purchasable","14":"product-type-simple"},"tiered_pricing_type":"fixed","tiered_pricing_fixed_rules":{"5":525},"tiered_pricing_product_settings":{"layout":"default","base_unit_name":{"singular":null,"plural":null},"default_variation":null},"tiered_pricing_minimum_quantity":null,"tiered_pricing_roles_data":[],"tiered_pricing_percentage_rules":[],"_links":{"self":[{"href":"https:\/\/lt-laborhandel.de\/en\/wp-json\/wp\/v2\/product\/11114","targetHints":{"allow":["GET"]}}],"collection":[{"href":"https:\/\/lt-laborhandel.de\/en\/wp-json\/wp\/v2\/product"}],"about":[{"href":"https:\/\/lt-laborhandel.de\/en\/wp-json\/wp\/v2\/types\/product"}],"wp:featuredmedia":[{"embeddable":true,"href":"https:\/\/lt-laborhandel.de\/en\/wp-json\/wp\/v2\/media\/10890"}],"wp:attachment":[{"href":"https:\/\/lt-laborhandel.de\/en\/wp-json\/wp\/v2\/media?parent=11114"}],"wp:term":[{"taxonomy":"product_brand","embeddable":true,"href":"https:\/\/lt-laborhandel.de\/en\/wp-json\/wp\/v2\/product_brand?post=11114"},{"taxonomy":"product_cat","embeddable":true,"href":"https:\/\/lt-laborhandel.de\/en\/wp-json\/wp\/v2\/product_cat?post=11114"},{"taxonomy":"product_tag","embeddable":true,"href":"https:\/\/lt-laborhandel.de\/en\/wp-json\/wp\/v2\/product_tag?post=11114"}],"curies":[{"name":"wp","href":"https:\/\/api.w.org\/{rel}","templated":true}]}}