{"id":11112,"date":"2022-06-17T08:14:37","date_gmt":"2022-06-17T06:14:37","guid":{"rendered":"https:\/\/lt-laborhandel.de\/produkt\/buerkle-tauchbombe-target-500-ml-o-75-mm-schlauch-5-m-5365-6000\/"},"modified":"2026-01-09T21:21:53","modified_gmt":"2026-01-09T20:21:53","slug":"buerkle-tauchbombe-target-500-ml-o-75-mm-schlauch-5-m-5365-6000","status":"publish","type":"product","link":"https:\/\/lt-laborhandel.de\/en\/produkt\/buerkle-tauchbombe-target-500-ml-o-75-mm-schlauch-5-m-5365-6000\/","title":{"rendered":"B\u00fcrkle, Tauchbombe Target, 500 ml, \u00d8 75 mm, Schlauch 5m, #5365-6000"},"content":{"rendered":"<p>Mit der Tauchbombe Target k\u00f6nnen zielgenau Fl\u00fcssigkeitsproben gesammelt werden.<\/p>\n<p>Gewicht 2,6 kg<\/p>\n<p>Inkl. Entl\u00fcftungssenkschlauch (5 m), Ventil und Seilspule<\/p>\n<p>Abschraubbares Oberteil erm\u00f6glicht einfache Reinigung<\/p>\n<p>Sterilit\u00e4t:\tNein<\/p>\n","protected":false},"excerpt":{"rendered":"<p><b>Zubeh\u00f6r- und Ersatzteile erhalten Sie gerne auf Anfrage!<\/b><\/p>\n","protected":false},"featured_media":10886,"template":"","meta":[],"product_brand":[],"product_cat":[217],"product_tag":[],"class_list":{"0":"post-11112","1":"product","2":"type-product","3":"status-publish","4":"has-post-thumbnail","6":"product_cat-probenentnahmegeraete","7":"product_shipping_class-standard","9":"first","10":"instock","11":"taxable","12":"shipping-taxable","13":"purchasable","14":"product-type-simple"},"tiered_pricing_type":"fixed","tiered_pricing_fixed_rules":[],"tiered_pricing_product_settings":{"layout":"default","base_unit_name":{"singular":null,"plural":null},"default_variation":null},"tiered_pricing_minimum_quantity":null,"tiered_pricing_roles_data":[],"tiered_pricing_percentage_rules":[],"_links":{"self":[{"href":"https:\/\/lt-laborhandel.de\/en\/wp-json\/wp\/v2\/product\/11112","targetHints":{"allow":["GET"]}}],"collection":[{"href":"https:\/\/lt-laborhandel.de\/en\/wp-json\/wp\/v2\/product"}],"about":[{"href":"https:\/\/lt-laborhandel.de\/en\/wp-json\/wp\/v2\/types\/product"}],"wp:featuredmedia":[{"embeddable":true,"href":"https:\/\/lt-laborhandel.de\/en\/wp-json\/wp\/v2\/media\/10886"}],"wp:attachment":[{"href":"https:\/\/lt-laborhandel.de\/en\/wp-json\/wp\/v2\/media?parent=11112"}],"wp:term":[{"taxonomy":"product_brand","embeddable":true,"href":"https:\/\/lt-laborhandel.de\/en\/wp-json\/wp\/v2\/product_brand?post=11112"},{"taxonomy":"product_cat","embeddable":true,"href":"https:\/\/lt-laborhandel.de\/en\/wp-json\/wp\/v2\/product_cat?post=11112"},{"taxonomy":"product_tag","embeddable":true,"href":"https:\/\/lt-laborhandel.de\/en\/wp-json\/wp\/v2\/product_tag?post=11112"}],"curies":[{"name":"wp","href":"https:\/\/api.w.org\/{rel}","templated":true}]}}