{"id":11104,"date":"2022-06-17T08:14:35","date_gmt":"2022-06-17T06:14:35","guid":{"rendered":"https:\/\/lt-laborhandel.de\/produkt\/buerkle-klappstecher-v4a-laenge-800-mm-o-32-mm-5359-1800\/"},"modified":"2026-01-09T21:21:49","modified_gmt":"2026-01-09T20:21:49","slug":"buerkle-klappstecher-v4a-laenge-800-mm-o-32-mm-5359-1800","status":"publish","type":"product","link":"https:\/\/lt-laborhandel.de\/en\/produkt\/buerkle-klappstecher-v4a-laenge-800-mm-o-32-mm-5359-1800\/","title":{"rendered":"B\u00fcrkle, Klappstecher, V4A, L\u00e4nge 800 mm, \u00d8 32mm, #5359-1800"},"content":{"rendered":"<p>Probenstecher f\u00fcr Allschichtproben von viskosen, past\u00f6sen, breiartigen Substanzen, nach DIN 51750 pt. 3 und DIN EN ISO 15528. Insbesondere bei pastenartigen Stoffen bleiben unterschiedliche Schichten erhalten.<\/p>\n<p>Edelstahl V4A (1.4404)<\/p>\n<p>32 mm \u00d8<\/p>\n<p>Optimierter \u00d6ffnungsmechanismus (vollst\u00e4ndig zerlegbar) zur leichten Reinigung<\/p>\n<p>Sterilit\u00e4t:\tNein<\/p>\n","protected":false},"excerpt":{"rendered":"<p><b>Zubeh\u00f6r- und Ersatzteile erhalten Sie gerne auf Anfrage!<\/b><\/p>\n","protected":false},"featured_media":10870,"template":"","meta":[],"product_brand":[],"product_cat":[217],"product_tag":[],"class_list":{"0":"post-11104","1":"product","2":"type-product","3":"status-publish","4":"has-post-thumbnail","6":"product_cat-probenentnahmegeraete","7":"product_shipping_class-standard","9":"first","10":"instock","11":"taxable","12":"shipping-taxable","13":"purchasable","14":"product-type-simple"},"tiered_pricing_type":"fixed","tiered_pricing_fixed_rules":[],"tiered_pricing_product_settings":{"layout":"default","base_unit_name":{"singular":null,"plural":null},"default_variation":null},"tiered_pricing_minimum_quantity":null,"tiered_pricing_roles_data":[],"tiered_pricing_percentage_rules":[],"_links":{"self":[{"href":"https:\/\/lt-laborhandel.de\/en\/wp-json\/wp\/v2\/product\/11104","targetHints":{"allow":["GET"]}}],"collection":[{"href":"https:\/\/lt-laborhandel.de\/en\/wp-json\/wp\/v2\/product"}],"about":[{"href":"https:\/\/lt-laborhandel.de\/en\/wp-json\/wp\/v2\/types\/product"}],"wp:featuredmedia":[{"embeddable":true,"href":"https:\/\/lt-laborhandel.de\/en\/wp-json\/wp\/v2\/media\/10870"}],"wp:attachment":[{"href":"https:\/\/lt-laborhandel.de\/en\/wp-json\/wp\/v2\/media?parent=11104"}],"wp:term":[{"taxonomy":"product_brand","embeddable":true,"href":"https:\/\/lt-laborhandel.de\/en\/wp-json\/wp\/v2\/product_brand?post=11104"},{"taxonomy":"product_cat","embeddable":true,"href":"https:\/\/lt-laborhandel.de\/en\/wp-json\/wp\/v2\/product_cat?post=11104"},{"taxonomy":"product_tag","embeddable":true,"href":"https:\/\/lt-laborhandel.de\/en\/wp-json\/wp\/v2\/product_tag?post=11104"}],"curies":[{"name":"wp","href":"https:\/\/api.w.org\/{rel}","templated":true}]}}