{"id":11095,"date":"2022-06-17T08:14:32","date_gmt":"2022-06-17T06:14:32","guid":{"rendered":"https:\/\/lt-laborhandel.de\/produkt\/buerkle-novartos-multi-v4a100cm2-fach14-kammerno-ein-5358-1000\/"},"modified":"2026-01-09T21:21:47","modified_gmt":"2026-01-09T20:21:47","slug":"buerkle-novartos-multi-v4a100cm2-fach14-kammerno-ein-5358-1000","status":"publish","type":"product","link":"https:\/\/lt-laborhandel.de\/en\/produkt\/buerkle-novartos-multi-v4a100cm2-fach14-kammerno-ein-5358-1000\/","title":{"rendered":"B\u00fcrkle, Novartos Multi, V4A,100cm,2-fach,14 Kammern, o.Ein., #5358-1000"},"content":{"rendered":"<p>Der Probensammler Novartos Multi hat 14 Sammelkammern f\u00fcr bis zu sieben Probenentnahme Zonen f\u00fcr eine Allschichtprobe.<\/p>\n<p>Novartos der Pharma-Zonensammler f\u00fcr die Probenahme gem\u00e4\u00df Unit-Dose-Sampling FDA-Richtlinie.<\/p>\n<p>Ein Doppel- bzw. Dreifachprobenzug ist jetzt ohne mehrfaches Einstechen der Lanze in das Sch\u00fcttgut m\u00f6glich, dadurch wird eine Entmischung weitgehend vermieden.<\/p>\n<p>Ein entscheidender Vorteil von Novartos ist die einfache Reinigung.<\/p>\n<p>Die vollst\u00e4ndige Bef\u00fcllung und Entleerung der Probenkammern ist durch computeroptimierte Geometrie entscheidend verbessert worden, es gibt keine Zwischenr\u00e4ume und Totr\u00e4ume, in denen sich Probenreste ansammeln k\u00f6nnen.<\/p>\n<p>Novartos Multi erm\u00f6glicht Allschichtproben<\/p>\n<p>Die passgenauen Probeneins\u00e4tze sind leicht auswechselbar<\/p>\n<p>Eins\u00e4tze sind in Volumen von 0 bis 2,0 ml (Novartos Multi) bzw. 0 bis 4,0 ml (Novartos Uno) lieferbar (alternative Probenvolumen in Abst\u00e4nden von je 0,1 ml auf Anfrage)<\/p>\n<p>Die Einstichtiefe ist an der lasergravierten Tiefenskala gut ablesbar<\/p>\n<p>Edelstahl V4A (1.4404 \/ 1.4571)<\/p>\n<p>Riefenfrei und elektropoliert<\/p>\n<p>25 mm \u00d8<\/p>\n<p>Novartos wurde entwickelt in Zusammenarbeit mit einem multinational operierenden Pharma-\/ Chemiekonzern in Basel\/Schweiz.<\/p>\n<p>Sterilit\u00e4t:\tNein<\/p>\n","protected":false},"excerpt":{"rendered":"<p><b>Zubeh\u00f6r- und Ersatzteile erhalten Sie gerne auf Anfrage!<\/b><\/p>\n","protected":false},"featured_media":10866,"template":"","meta":[],"product_brand":[],"product_cat":[217],"product_tag":[],"class_list":{"0":"post-11095","1":"product","2":"type-product","3":"status-publish","4":"has-post-thumbnail","6":"product_cat-probenentnahmegeraete","7":"product_shipping_class-standard","9":"first","10":"instock","11":"taxable","12":"shipping-taxable","13":"purchasable","14":"product-type-simple"},"tiered_pricing_type":"fixed","tiered_pricing_fixed_rules":[],"tiered_pricing_product_settings":{"layout":"default","base_unit_name":{"singular":null,"plural":null},"default_variation":null},"tiered_pricing_minimum_quantity":null,"tiered_pricing_roles_data":[],"tiered_pricing_percentage_rules":[],"_links":{"self":[{"href":"https:\/\/lt-laborhandel.de\/en\/wp-json\/wp\/v2\/product\/11095","targetHints":{"allow":["GET"]}}],"collection":[{"href":"https:\/\/lt-laborhandel.de\/en\/wp-json\/wp\/v2\/product"}],"about":[{"href":"https:\/\/lt-laborhandel.de\/en\/wp-json\/wp\/v2\/types\/product"}],"wp:featuredmedia":[{"embeddable":true,"href":"https:\/\/lt-laborhandel.de\/en\/wp-json\/wp\/v2\/media\/10866"}],"wp:attachment":[{"href":"https:\/\/lt-laborhandel.de\/en\/wp-json\/wp\/v2\/media?parent=11095"}],"wp:term":[{"taxonomy":"product_brand","embeddable":true,"href":"https:\/\/lt-laborhandel.de\/en\/wp-json\/wp\/v2\/product_brand?post=11095"},{"taxonomy":"product_cat","embeddable":true,"href":"https:\/\/lt-laborhandel.de\/en\/wp-json\/wp\/v2\/product_cat?post=11095"},{"taxonomy":"product_tag","embeddable":true,"href":"https:\/\/lt-laborhandel.de\/en\/wp-json\/wp\/v2\/product_tag?post=11095"}],"curies":[{"name":"wp","href":"https:\/\/api.w.org\/{rel}","templated":true}]}}