{"id":11087,"date":"2022-06-17T08:14:30","date_gmt":"2022-06-17T06:14:30","guid":{"rendered":"https:\/\/lt-laborhandel.de\/produkt\/buerkle-bodenprobenehmer-puerckhauer-81-cm-nutlaenge-600mm-5350-5012\/"},"modified":"2026-01-09T21:21:46","modified_gmt":"2026-01-09T20:21:46","slug":"buerkle-bodenprobenehmer-puerckhauer-81-cm-nutlaenge-600mm-5350-5012","status":"publish","type":"product","link":"https:\/\/lt-laborhandel.de\/en\/produkt\/buerkle-bodenprobenehmer-puerckhauer-81-cm-nutlaenge-600mm-5350-5012\/","title":{"rendered":"B\u00fcrkle, Bodenprobenehmer P\u00fcrckhauer, 81 cm, Nutl\u00e4nge 600mm, #5350-5012"},"content":{"rendered":"<p>Sehr robuster P\u00fcrckhauer-Probenehmer f\u00fcr schwere und steinige B\u00f6den. Die ab 60 cm konisch zulaufende Spitze beim Modell 5350-5018 erm\u00f6glicht ein wesentlich einfacheres Zur\u00fcckziehen des eingeschlagenen Probenehmers. Ideal auch f\u00fcr die Nmin-Probenahme 0\u201390 cm.<\/p>\n<p>Tiefenskala 10-cm-Teilung<\/p>\n<p>Handgriff steckbar, mit rutschfesten Gummigriffen<\/p>\n<p>Schlagkopf verst\u00e4rkt<\/p>\n<p>Edelstahl<\/p>\n<p>Sterilit\u00e4t:\tNein<\/p>\n","protected":false},"excerpt":{"rendered":"<p><b>Zubeh\u00f6r- und Ersatzteile erhalten Sie gerne auf Anfrage!<\/b><\/p>\n","protected":false},"featured_media":10760,"template":"","meta":[],"product_brand":[],"product_cat":[217],"product_tag":[],"class_list":{"0":"post-11087","1":"product","2":"type-product","3":"status-publish","4":"has-post-thumbnail","6":"product_cat-probenentnahmegeraete","7":"product_shipping_class-standard","9":"first","10":"instock","11":"taxable","12":"shipping-taxable","13":"purchasable","14":"product-type-simple"},"tiered_pricing_type":"fixed","tiered_pricing_fixed_rules":{"5":345},"tiered_pricing_product_settings":{"layout":"default","base_unit_name":{"singular":null,"plural":null},"default_variation":null},"tiered_pricing_minimum_quantity":null,"tiered_pricing_roles_data":[],"tiered_pricing_percentage_rules":[],"_links":{"self":[{"href":"https:\/\/lt-laborhandel.de\/en\/wp-json\/wp\/v2\/product\/11087","targetHints":{"allow":["GET"]}}],"collection":[{"href":"https:\/\/lt-laborhandel.de\/en\/wp-json\/wp\/v2\/product"}],"about":[{"href":"https:\/\/lt-laborhandel.de\/en\/wp-json\/wp\/v2\/types\/product"}],"wp:featuredmedia":[{"embeddable":true,"href":"https:\/\/lt-laborhandel.de\/en\/wp-json\/wp\/v2\/media\/10760"}],"wp:attachment":[{"href":"https:\/\/lt-laborhandel.de\/en\/wp-json\/wp\/v2\/media?parent=11087"}],"wp:term":[{"taxonomy":"product_brand","embeddable":true,"href":"https:\/\/lt-laborhandel.de\/en\/wp-json\/wp\/v2\/product_brand?post=11087"},{"taxonomy":"product_cat","embeddable":true,"href":"https:\/\/lt-laborhandel.de\/en\/wp-json\/wp\/v2\/product_cat?post=11087"},{"taxonomy":"product_tag","embeddable":true,"href":"https:\/\/lt-laborhandel.de\/en\/wp-json\/wp\/v2\/product_tag?post=11087"}],"curies":[{"name":"wp","href":"https:\/\/api.w.org\/{rel}","templated":true}]}}