{"id":11082,"date":"2022-06-17T08:14:27","date_gmt":"2022-06-17T06:14:27","guid":{"rendered":"https:\/\/lt-laborhandel.de\/produkt\/buerkle-maulwurf-bohrkopf-riverside-5350-1035\/"},"modified":"2026-01-09T21:21:45","modified_gmt":"2026-01-09T20:21:45","slug":"buerkle-maulwurf-bohrkopf-riverside-5350-1035","status":"publish","type":"product","link":"https:\/\/lt-laborhandel.de\/en\/produkt\/buerkle-maulwurf-bohrkopf-riverside-5350-1035\/","title":{"rendered":"B\u00fcrkle, Maulwurf Bohrkopf, Riverside, #5350-1035"},"content":{"rendered":"<p>F\u00fcr Maulwurf gibt es verschiedene Bohrk\u00f6pfe, die jeweils f\u00fcr ganz bestimmte Bodenverh\u00e4ltnisse konzipiert sind:<\/p>\n<p>Ton und feuchte B\u00f6den<\/p>\n<p>Mit schmalen Flanken, die die geringste Reibung\/Widerstand im Boden verursachen. Da feuchte B\u00f6den im allgemeinen stark koh\u00e4siv sind, bleibt der Boden trotzdem gut im Bohrer haften.<\/p>\n<p>Sand<\/p>\n<p>Mit breiten Flanken und damit weiterer Tragfl\u00e4che, in der sich der Sand gut festhalten kann.<\/p>\n<p>Grobsand<\/p>\n<p>Mit extra breiten Flanken, die den Bohrer noch mehr schlie\u00dfen und damit auch Grobsandb\u00f6den oder sehr trockene B\u00f6den festhalten.<\/p>\n<p>Kombination<\/p>\n<p>H\u00e4lt sowohl stark koh\u00e4sive als auch weniger koh\u00e4sive B\u00f6den.<\/p>\n<p>Riverside<\/p>\n<p>Sehr geeignet f\u00fcr Bohrungen in harten, verkrusteten B\u00f6den und B\u00f6den, die mit feinem Kies vermischt sind. Die Bohrschaufeln ragen \u00fcber den Kernbohrer hinaus, wodurch die Reibung stark minimiert wird.<\/p>\n<p>Kiesbohrer<\/p>\n<p>Mit leicht gew\u00f6lbten, schr\u00e4gen Schaufeln, die sich im Kies selbst nach unten ziehen. Eventuelle Steine werden zwischen den Bohrerflanken eingeklemmt. Das feinere Bodenmaterial (Grobsand mit feinem Kies) wird im Bohrer innen gehalten.<\/p>\n<p>Steinf\u00e4nger<\/p>\n<p>Mit dem Steinf\u00e4nger k\u00f6nnen Steine, die eine reibungslose Probenahme mit einem der Bohrk\u00f6pfe verhindern, gefangen und herausgezogen werden.<\/p>\n<p>Sterilit\u00e4t:\tNein<\/p>\n","protected":false},"excerpt":{"rendered":"<p><b>Zubeh\u00f6r- und Ersatzteile erhalten Sie gerne auf Anfrage!<\/b><\/p>\n","protected":false},"featured_media":10748,"template":"","meta":[],"product_brand":[],"product_cat":[217],"product_tag":[],"class_list":{"0":"post-11082","1":"product","2":"type-product","3":"status-publish","4":"has-post-thumbnail","6":"product_cat-probenentnahmegeraete","7":"product_shipping_class-standard","9":"first","10":"instock","11":"taxable","12":"shipping-taxable","13":"purchasable","14":"product-type-simple"},"tiered_pricing_type":"fixed","tiered_pricing_fixed_rules":{"5":270},"tiered_pricing_product_settings":{"layout":"default","base_unit_name":{"singular":null,"plural":null},"default_variation":null},"tiered_pricing_minimum_quantity":null,"tiered_pricing_roles_data":[],"tiered_pricing_percentage_rules":[],"_links":{"self":[{"href":"https:\/\/lt-laborhandel.de\/en\/wp-json\/wp\/v2\/product\/11082","targetHints":{"allow":["GET"]}}],"collection":[{"href":"https:\/\/lt-laborhandel.de\/en\/wp-json\/wp\/v2\/product"}],"about":[{"href":"https:\/\/lt-laborhandel.de\/en\/wp-json\/wp\/v2\/types\/product"}],"wp:featuredmedia":[{"embeddable":true,"href":"https:\/\/lt-laborhandel.de\/en\/wp-json\/wp\/v2\/media\/10748"}],"wp:attachment":[{"href":"https:\/\/lt-laborhandel.de\/en\/wp-json\/wp\/v2\/media?parent=11082"}],"wp:term":[{"taxonomy":"product_brand","embeddable":true,"href":"https:\/\/lt-laborhandel.de\/en\/wp-json\/wp\/v2\/product_brand?post=11082"},{"taxonomy":"product_cat","embeddable":true,"href":"https:\/\/lt-laborhandel.de\/en\/wp-json\/wp\/v2\/product_cat?post=11082"},{"taxonomy":"product_tag","embeddable":true,"href":"https:\/\/lt-laborhandel.de\/en\/wp-json\/wp\/v2\/product_tag?post=11082"}],"curies":[{"name":"wp","href":"https:\/\/api.w.org\/{rel}","templated":true}]}}