{"id":11077,"date":"2022-06-17T08:14:25","date_gmt":"2022-06-17T06:14:25","guid":{"rendered":"https:\/\/lt-laborhandel.de\/produkt\/buerkle-maulwurf-handgriff-mit-stange-o-bohrkopf-75-cm-5350-1005\/"},"modified":"2026-01-09T21:21:42","modified_gmt":"2026-01-09T20:21:42","slug":"buerkle-maulwurf-handgriff-mit-stange-o-bohrkopf-75-cm-5350-1005","status":"publish","type":"product","link":"https:\/\/lt-laborhandel.de\/en\/produkt\/buerkle-maulwurf-handgriff-mit-stange-o-bohrkopf-75-cm-5350-1005\/","title":{"rendered":"B\u00fcrkle, Maulwurf Handgriff mit Stange, o. Bohrkopf, 75cm, #5350-1005"},"content":{"rendered":"<p>Sehr robuste Ausf\u00fchrung mit spezialgeh\u00e4rteten, geschmiedeten Bohrk\u00f6pfen. F\u00fcr die Ermittlung von Bodenbeschaffenheit, -feuchtigkeit und -struktur. Die Form der Maulwurf-Bohrk\u00f6pfe sorgt f\u00fcr ein Minimum an Reibung beim Eindrehen und Herausziehen des Maulwurfs aus dem Boden. Dadurch reduziert sich die physische Anstrengung enorm.<\/p>\n<p>Der Maulwurf wird aus verschiedenen Teilen zusammengesetzt. Handgriff mit Stange 75 cm, bei Bedarf Verl\u00e4ngerungsstange 100 cm und einem von sieben lieferbaren Bohrk\u00f6pfen, die jeweils f\u00fcr ganz bestimmte Bodenverh\u00e4ltnisse konzipiert sind. Die Teile lassen sich m\u00fchelos miteinander verbinden. Mit Verl\u00e4ngerungsstangen auf bis zu 5 m Bohrtiefe verl\u00e4ngerbar.<\/p>\n<p>Bitte gew\u00fcnschten Bohrkopf mitbestellen!<\/p>\n<p>Sterilit\u00e4t:\tNein<\/p>\n","protected":false},"excerpt":{"rendered":"<p><b>Zubeh\u00f6r- und Ersatzteile erhalten Sie gerne auf Anfrage!<\/b><\/p>\n","protected":false},"featured_media":10835,"template":"","meta":[],"product_brand":[],"product_cat":[217],"product_tag":[],"class_list":{"0":"post-11077","1":"product","2":"type-product","3":"status-publish","4":"has-post-thumbnail","6":"product_cat-probenentnahmegeraete","7":"product_shipping_class-standard","9":"first","10":"instock","11":"taxable","12":"shipping-taxable","13":"purchasable","14":"product-type-simple"},"tiered_pricing_type":"fixed","tiered_pricing_fixed_rules":{"5":225},"tiered_pricing_product_settings":{"layout":"default","base_unit_name":{"singular":null,"plural":null},"default_variation":null},"tiered_pricing_minimum_quantity":null,"tiered_pricing_roles_data":[],"tiered_pricing_percentage_rules":[],"_links":{"self":[{"href":"https:\/\/lt-laborhandel.de\/en\/wp-json\/wp\/v2\/product\/11077","targetHints":{"allow":["GET"]}}],"collection":[{"href":"https:\/\/lt-laborhandel.de\/en\/wp-json\/wp\/v2\/product"}],"about":[{"href":"https:\/\/lt-laborhandel.de\/en\/wp-json\/wp\/v2\/types\/product"}],"wp:featuredmedia":[{"embeddable":true,"href":"https:\/\/lt-laborhandel.de\/en\/wp-json\/wp\/v2\/media\/10835"}],"wp:attachment":[{"href":"https:\/\/lt-laborhandel.de\/en\/wp-json\/wp\/v2\/media?parent=11077"}],"wp:term":[{"taxonomy":"product_brand","embeddable":true,"href":"https:\/\/lt-laborhandel.de\/en\/wp-json\/wp\/v2\/product_brand?post=11077"},{"taxonomy":"product_cat","embeddable":true,"href":"https:\/\/lt-laborhandel.de\/en\/wp-json\/wp\/v2\/product_cat?post=11077"},{"taxonomy":"product_tag","embeddable":true,"href":"https:\/\/lt-laborhandel.de\/en\/wp-json\/wp\/v2\/product_tag?post=11077"}],"curies":[{"name":"wp","href":"https:\/\/api.w.org\/{rel}","templated":true}]}}