{"id":11075,"date":"2022-06-17T08:14:24","date_gmt":"2022-06-17T06:14:24","guid":{"rendered":"https:\/\/lt-laborhandel.de\/produkt\/buerkle-scratcher-v4a-vol-10-ml-nutlaenge-45-mm-o-25mm-5347-0010\/"},"modified":"2026-01-09T21:21:42","modified_gmt":"2026-01-09T20:21:42","slug":"buerkle-scratcher-v4a-vol-10-ml-nutlaenge-45-mm-o-25mm-5347-0010","status":"publish","type":"product","link":"https:\/\/lt-laborhandel.de\/en\/produkt\/buerkle-scratcher-v4a-vol-10-ml-nutlaenge-45-mm-o-25mm-5347-0010\/","title":{"rendered":"B\u00fcrkle, Scratcher, V4A, Vol. 10 ml, Nutl\u00e4nge 45 mm, \u00d8 25mm, #5347-0010"},"content":{"rendered":"<p>Scratcher ist speziell entwickelt f\u00fcr das Sammeln von koh\u00e4siven, zusammenbackenden, nicht rieself\u00e4higen Substanzen.<\/p>\n<p>Edelstahl V4A (1.4404)<\/p>\n<p>Gesamtl\u00e4nge 1000 mm<\/p>\n<p>25 mm \u00d8<\/p>\n<p>Sterilit\u00e4t:\tNein<\/p>\n","protected":false},"excerpt":{"rendered":"<p><b>Zubeh\u00f6r- und Ersatzteile erhalten Sie gerne auf Anfrage!<\/b><\/p>\n","protected":false},"featured_media":10833,"template":"","meta":[],"product_brand":[],"product_cat":[217],"product_tag":[],"class_list":{"0":"post-11075","1":"product","2":"type-product","3":"status-publish","4":"has-post-thumbnail","6":"product_cat-probenentnahmegeraete","7":"product_shipping_class-standard","9":"first","10":"instock","11":"taxable","12":"shipping-taxable","13":"purchasable","14":"product-type-simple"},"tiered_pricing_type":"fixed","tiered_pricing_fixed_rules":[],"tiered_pricing_product_settings":{"layout":"default","base_unit_name":{"singular":null,"plural":null},"default_variation":null},"tiered_pricing_minimum_quantity":null,"tiered_pricing_roles_data":[],"tiered_pricing_percentage_rules":[],"_links":{"self":[{"href":"https:\/\/lt-laborhandel.de\/en\/wp-json\/wp\/v2\/product\/11075","targetHints":{"allow":["GET"]}}],"collection":[{"href":"https:\/\/lt-laborhandel.de\/en\/wp-json\/wp\/v2\/product"}],"about":[{"href":"https:\/\/lt-laborhandel.de\/en\/wp-json\/wp\/v2\/types\/product"}],"wp:featuredmedia":[{"embeddable":true,"href":"https:\/\/lt-laborhandel.de\/en\/wp-json\/wp\/v2\/media\/10833"}],"wp:attachment":[{"href":"https:\/\/lt-laborhandel.de\/en\/wp-json\/wp\/v2\/media?parent=11075"}],"wp:term":[{"taxonomy":"product_brand","embeddable":true,"href":"https:\/\/lt-laborhandel.de\/en\/wp-json\/wp\/v2\/product_brand?post=11075"},{"taxonomy":"product_cat","embeddable":true,"href":"https:\/\/lt-laborhandel.de\/en\/wp-json\/wp\/v2\/product_cat?post=11075"},{"taxonomy":"product_tag","embeddable":true,"href":"https:\/\/lt-laborhandel.de\/en\/wp-json\/wp\/v2\/product_tag?post=11075"}],"curies":[{"name":"wp","href":"https:\/\/api.w.org\/{rel}","templated":true}]}}