{"id":11073,"date":"2022-06-17T08:14:24","date_gmt":"2022-06-17T06:14:24","guid":{"rendered":"https:\/\/lt-laborhandel.de\/produkt\/buerkle-pharmapicker-v4a-mit-sammelbombe-fuer-125-25-ml-5346-2000\/"},"modified":"2026-01-09T21:21:42","modified_gmt":"2026-01-09T20:21:42","slug":"buerkle-pharmapicker-v4a-mit-sammelbombe-fuer-125-25-ml-5346-2000","status":"publish","type":"product","link":"https:\/\/lt-laborhandel.de\/en\/produkt\/buerkle-pharmapicker-v4a-mit-sammelbombe-fuer-125-25-ml-5346-2000\/","title":{"rendered":"B\u00fcrkle, PharmaPicker, V4A, mit Sammelbombe f\u00fcr 1,25-2,5ml, #5346-2000"},"content":{"rendered":"<p>Bei hoch wirksamen, teuren oder aktiven Pulvern sammelt man nur geringe Mengen f\u00fcr eine Untersuchung. Mit dem PharmaPicker k\u00f6nnen kleinste Probemengen von 0,1 ml bis 2,5 ml gesammelt werden. Durch einfaches Austauschen der Volumenspitzen in den Sammelbomben f\u00fcr 0,1\u20131,2 ml oder 1,25\u20132,5 ml, wird das Probenvolumen ver\u00e4ndert.<\/p>\n<p>Der PharmaPicker ist 60 cm lang und kann mehrfach um 50 cm oder 100 cm verl\u00e4ngert werden, maximale L\u00e4nge 3,50 m. Der PharmaPicker ist einzeln oder als PharmaPicker-Case im praktischen Transportkoffer lieferbar.<\/p>\n<p>PharmaPicker-Case bestehend aus: Sammelbombe in beiden Gr\u00f6\u00dfen, Verl\u00e4ngerungsstange 50 cm und 100 cm, Handgriff, Volumenspitzen 0,4 ml, 0,6 ml, 0,8 ml, 1,0 ml, 1,2 ml, 1,4 ml, 1,8 ml 2,0 ml, 2,3 ml und 2,5 ml (alternative Probenvolumen auf Anfrage), Transportkoffer.<\/p>\n<p>Edelstahl V4A<\/p>\n<p>Elektropoliert<\/p>\n<p>Bitte gew\u00fcnschte Spitze mitbestellen!<\/p>\n<p>Sterilit\u00e4t:\tNein<\/p>\n","protected":false},"excerpt":{"rendered":"<p><b>Zubeh\u00f6r- und Ersatzteile erhalten Sie gerne auf Anfrage!<\/b><\/p>\n","protected":false},"featured_media":10827,"template":"","meta":[],"product_brand":[],"product_cat":[217],"product_tag":[],"class_list":{"0":"post-11073","1":"product","2":"type-product","3":"status-publish","4":"has-post-thumbnail","6":"product_cat-probenentnahmegeraete","7":"product_shipping_class-standard","9":"first","10":"instock","11":"taxable","12":"shipping-taxable","13":"purchasable","14":"product-type-simple"},"tiered_pricing_type":"fixed","tiered_pricing_fixed_rules":[],"tiered_pricing_product_settings":{"layout":"default","base_unit_name":{"singular":null,"plural":null},"default_variation":null},"tiered_pricing_minimum_quantity":null,"tiered_pricing_roles_data":[],"tiered_pricing_percentage_rules":[],"_links":{"self":[{"href":"https:\/\/lt-laborhandel.de\/en\/wp-json\/wp\/v2\/product\/11073","targetHints":{"allow":["GET"]}}],"collection":[{"href":"https:\/\/lt-laborhandel.de\/en\/wp-json\/wp\/v2\/product"}],"about":[{"href":"https:\/\/lt-laborhandel.de\/en\/wp-json\/wp\/v2\/types\/product"}],"wp:featuredmedia":[{"embeddable":true,"href":"https:\/\/lt-laborhandel.de\/en\/wp-json\/wp\/v2\/media\/10827"}],"wp:attachment":[{"href":"https:\/\/lt-laborhandel.de\/en\/wp-json\/wp\/v2\/media?parent=11073"}],"wp:term":[{"taxonomy":"product_brand","embeddable":true,"href":"https:\/\/lt-laborhandel.de\/en\/wp-json\/wp\/v2\/product_brand?post=11073"},{"taxonomy":"product_cat","embeddable":true,"href":"https:\/\/lt-laborhandel.de\/en\/wp-json\/wp\/v2\/product_cat?post=11073"},{"taxonomy":"product_tag","embeddable":true,"href":"https:\/\/lt-laborhandel.de\/en\/wp-json\/wp\/v2\/product_tag?post=11073"}],"curies":[{"name":"wp","href":"https:\/\/api.w.org\/{rel}","templated":true}]}}