{"id":11068,"date":"2022-06-17T08:14:22","date_gmt":"2022-06-17T06:14:22","guid":{"rendered":"https:\/\/lt-laborhandel.de\/produkt\/buerkle-mini-viscosampler-v4a-60-cm-vol-30-ml-o-15-mm-5341-1060\/"},"modified":"2026-01-09T21:21:41","modified_gmt":"2026-01-09T20:21:41","slug":"buerkle-mini-viscosampler-v4a-60-cm-vol-30-ml-o-15-mm-5341-1060","status":"publish","type":"product","link":"https:\/\/lt-laborhandel.de\/en\/produkt\/buerkle-mini-viscosampler-v4a-60-cm-vol-30-ml-o-15-mm-5341-1060\/","title":{"rendered":"B\u00fcrkle, Mini ViscoSampler, V4A, 60 cm, Vol. 30 ml, \u00d8 15mm, #5341-1060"},"content":{"rendered":"<p>Probensammler f\u00fcr viskose Substanzen wie Pasten, Schl\u00e4mme, Cremes, \u00d6le. Mit der Kolbenstange wird die Probe angesaugt und wieder direkt in ein Probengef\u00e4\u00df abgegeben. Leichte Reinigung f\u00fcr einwandfreie Probenahme. Je nach Viskosit\u00e4t kann die abschraubbare Saugspitze mit Ansaugbohrung von 2 mm bis 6 mm geliefert werden.<\/p>\n<p>Edelstahl V4A (1.4404), Kolben PTFE<\/p>\n<p>Sterilisierbar<\/p>\n<p>Ideal im Pharma- und Kosmetikbereich<\/p>\n<p>Inkl. Saugspitze 2 mm<\/p>\n<p>15 mm \u00d8<\/p>\n<p>Sterilit\u00e4t:\tNein<\/p>\n<p>Nettogewicht:\t525,5 g<\/p>\n","protected":false},"excerpt":{"rendered":"<p><b>Zubeh\u00f6r- und Ersatzteile erhalten Sie gerne auf Anfrage!<\/b><\/p>\n","protected":false},"featured_media":10825,"template":"","meta":[],"product_brand":[],"product_cat":[217],"product_tag":[],"class_list":{"0":"post-11068","1":"product","2":"type-product","3":"status-publish","4":"has-post-thumbnail","6":"product_cat-probenentnahmegeraete","7":"product_shipping_class-standard","9":"first","10":"instock","11":"taxable","12":"shipping-taxable","13":"purchasable","14":"product-type-simple"},"tiered_pricing_type":"fixed","tiered_pricing_fixed_rules":{"5":223},"tiered_pricing_product_settings":{"layout":"default","base_unit_name":{"singular":null,"plural":null},"default_variation":null},"tiered_pricing_minimum_quantity":null,"tiered_pricing_roles_data":[],"tiered_pricing_percentage_rules":[],"_links":{"self":[{"href":"https:\/\/lt-laborhandel.de\/en\/wp-json\/wp\/v2\/product\/11068","targetHints":{"allow":["GET"]}}],"collection":[{"href":"https:\/\/lt-laborhandel.de\/en\/wp-json\/wp\/v2\/product"}],"about":[{"href":"https:\/\/lt-laborhandel.de\/en\/wp-json\/wp\/v2\/types\/product"}],"wp:featuredmedia":[{"embeddable":true,"href":"https:\/\/lt-laborhandel.de\/en\/wp-json\/wp\/v2\/media\/10825"}],"wp:attachment":[{"href":"https:\/\/lt-laborhandel.de\/en\/wp-json\/wp\/v2\/media?parent=11068"}],"wp:term":[{"taxonomy":"product_brand","embeddable":true,"href":"https:\/\/lt-laborhandel.de\/en\/wp-json\/wp\/v2\/product_brand?post=11068"},{"taxonomy":"product_cat","embeddable":true,"href":"https:\/\/lt-laborhandel.de\/en\/wp-json\/wp\/v2\/product_cat?post=11068"},{"taxonomy":"product_tag","embeddable":true,"href":"https:\/\/lt-laborhandel.de\/en\/wp-json\/wp\/v2\/product_tag?post=11068"}],"curies":[{"name":"wp","href":"https:\/\/api.w.org\/{rel}","templated":true}]}}