{"id":11065,"date":"2022-06-17T08:14:21","date_gmt":"2022-06-17T06:14:21","guid":{"rendered":"https:\/\/lt-laborhandel.de\/produkt\/buerkle-icesampler-v4a-laenge-550-mm-vol-50-ml-o-38-mm-5339-0550\/"},"modified":"2026-01-09T21:21:40","modified_gmt":"2026-01-09T20:21:40","slug":"buerkle-icesampler-v4a-laenge-550-mm-vol-50-ml-o-38-mm-5339-0550","status":"publish","type":"product","link":"https:\/\/lt-laborhandel.de\/en\/produkt\/buerkle-icesampler-v4a-laenge-550-mm-vol-50-ml-o-38-mm-5339-0550\/","title":{"rendered":"B\u00fcrkle, IceSampler, V4A, L\u00e4nge 550 mm, Vol. 50 ml, \u00d8 38mm, #5339-0550"},"content":{"rendered":"<p>Probenehmer entwickelt f\u00fcr Probenahme von gefrorenen, hochviskosen, past\u00f6sen Medien wie z.B. Speiseeis und \u00e4hnlichen Substanzen. Die bohrerf\u00f6rmige Schneide schraubt sich beim Drehen selbstst\u00e4ndig in das Gefriergut.<\/p>\n<p>Der Sammelzylinder kann \u00fcber eine Bajonettverbindung leicht abgezogen werden. Die Probe liegt dann frei und kann entnommen werden.<\/p>\n<p>Edelstahl V4A (1.4404), elektropoliert<\/p>\n<p>Sterilisierbar<\/p>\n<p>Einfache Reinigung<\/p>\n<p>Sammelzylinder \u00d8 38 mm<\/p>\n<p>Sterilit\u00e4t:\tNein<\/p>\n","protected":false},"excerpt":{"rendered":"<p><b>Zubeh\u00f6r- und Ersatzteile erhalten Sie gerne auf Anfrage!<\/b><\/p>\n","protected":false},"featured_media":10819,"template":"","meta":[],"product_brand":[],"product_cat":[217],"product_tag":[],"class_list":{"0":"post-11065","1":"product","2":"type-product","3":"status-publish","4":"has-post-thumbnail","6":"product_cat-probenentnahmegeraete","7":"product_shipping_class-standard","9":"first","10":"instock","11":"taxable","12":"shipping-taxable","13":"purchasable","14":"product-type-simple"},"tiered_pricing_type":"fixed","tiered_pricing_fixed_rules":[],"tiered_pricing_product_settings":{"layout":"default","base_unit_name":{"singular":null,"plural":null},"default_variation":null},"tiered_pricing_minimum_quantity":null,"tiered_pricing_roles_data":[],"tiered_pricing_percentage_rules":[],"_links":{"self":[{"href":"https:\/\/lt-laborhandel.de\/en\/wp-json\/wp\/v2\/product\/11065","targetHints":{"allow":["GET"]}}],"collection":[{"href":"https:\/\/lt-laborhandel.de\/en\/wp-json\/wp\/v2\/product"}],"about":[{"href":"https:\/\/lt-laborhandel.de\/en\/wp-json\/wp\/v2\/types\/product"}],"wp:featuredmedia":[{"embeddable":true,"href":"https:\/\/lt-laborhandel.de\/en\/wp-json\/wp\/v2\/media\/10819"}],"wp:attachment":[{"href":"https:\/\/lt-laborhandel.de\/en\/wp-json\/wp\/v2\/media?parent=11065"}],"wp:term":[{"taxonomy":"product_brand","embeddable":true,"href":"https:\/\/lt-laborhandel.de\/en\/wp-json\/wp\/v2\/product_brand?post=11065"},{"taxonomy":"product_cat","embeddable":true,"href":"https:\/\/lt-laborhandel.de\/en\/wp-json\/wp\/v2\/product_cat?post=11065"},{"taxonomy":"product_tag","embeddable":true,"href":"https:\/\/lt-laborhandel.de\/en\/wp-json\/wp\/v2\/product_tag?post=11065"}],"curies":[{"name":"wp","href":"https:\/\/api.w.org\/{rel}","templated":true}]}}