{"id":11059,"date":"2022-06-17T08:14:20","date_gmt":"2022-06-17T06:14:20","guid":{"rendered":"https:\/\/lt-laborhandel.de\/produkt\/buerkle-viscosampler-ptfe-fep-vol-160-ml-60-cm-o-32mm-5331-2060\/"},"modified":"2026-01-09T21:21:40","modified_gmt":"2026-01-09T20:21:40","slug":"buerkle-viscosampler-ptfe-fep-vol-160-ml-60-cm-o-32mm-5331-2060","status":"publish","type":"product","link":"https:\/\/lt-laborhandel.de\/en\/produkt\/buerkle-viscosampler-ptfe-fep-vol-160-ml-60-cm-o-32mm-5331-2060\/","title":{"rendered":"B\u00fcrkle, ViscoSampler, PTFE\/FEP, Vol. 160 ml, 60 cm, \u00d8 32mm, #5331-2060"},"content":{"rendered":"<p>Probenehmer ViscoSampler mit der b\u00e4renstarken Saugkraft f\u00fcr z\u00e4hfl\u00fcssige Medien. Mit dem Saugkolben wird das Medium angesaugt und auch wieder ausgesto\u00dfen. Aus ultrareinem und chemisch inertem PTFE\/FEP f\u00fcr kontaminationsfreie Probenahme.<\/p>\n<p>Speziell entwickelt f\u00fcr viskose Substanzen wie Schl\u00e4mme, Schlick, w\u00e4ssrige Lehm- und Bodenproben, Bodensatz, \u00d6le, Emulsionen, Cremes etc.<\/p>\n<p>Leichte Reinigung \u2013 alle Oberfl\u00e4chen sind porenfrei und ohne Hinterschneidungen. Schmutzablagerungen werden vermieden. Nur die in der Lebensmittelhygiene bew\u00e4hrten Rundgewinde sind eingesetzt. Demontage und Reinigung sind denkbar einfach.<\/p>\n<p>Sterilit\u00e4t:\tNein<\/p>\n","protected":false},"excerpt":{"rendered":"<p><b>Zubeh\u00f6r- und Ersatzteile erhalten Sie gerne auf Anfrage!<\/b><\/p>\n","protected":false},"featured_media":10810,"template":"","meta":[],"product_brand":[],"product_cat":[217],"product_tag":[],"class_list":{"0":"post-11059","1":"product","2":"type-product","3":"status-publish","4":"has-post-thumbnail","6":"product_cat-probenentnahmegeraete","7":"product_shipping_class-standard","9":"first","10":"instock","11":"taxable","12":"shipping-taxable","13":"purchasable","14":"product-type-simple"},"tiered_pricing_type":"fixed","tiered_pricing_fixed_rules":{"10":297},"tiered_pricing_product_settings":{"layout":"default","base_unit_name":{"singular":null,"plural":null},"default_variation":null},"tiered_pricing_minimum_quantity":null,"tiered_pricing_roles_data":[],"tiered_pricing_percentage_rules":[],"_links":{"self":[{"href":"https:\/\/lt-laborhandel.de\/en\/wp-json\/wp\/v2\/product\/11059","targetHints":{"allow":["GET"]}}],"collection":[{"href":"https:\/\/lt-laborhandel.de\/en\/wp-json\/wp\/v2\/product"}],"about":[{"href":"https:\/\/lt-laborhandel.de\/en\/wp-json\/wp\/v2\/types\/product"}],"wp:featuredmedia":[{"embeddable":true,"href":"https:\/\/lt-laborhandel.de\/en\/wp-json\/wp\/v2\/media\/10810"}],"wp:attachment":[{"href":"https:\/\/lt-laborhandel.de\/en\/wp-json\/wp\/v2\/media?parent=11059"}],"wp:term":[{"taxonomy":"product_brand","embeddable":true,"href":"https:\/\/lt-laborhandel.de\/en\/wp-json\/wp\/v2\/product_brand?post=11059"},{"taxonomy":"product_cat","embeddable":true,"href":"https:\/\/lt-laborhandel.de\/en\/wp-json\/wp\/v2\/product_cat?post=11059"},{"taxonomy":"product_tag","embeddable":true,"href":"https:\/\/lt-laborhandel.de\/en\/wp-json\/wp\/v2\/product_tag?post=11059"}],"curies":[{"name":"wp","href":"https:\/\/api.w.org\/{rel}","templated":true}]}}