{"id":11046,"date":"2022-06-17T08:14:09","date_gmt":"2022-06-17T06:14:09","guid":{"rendered":"https:\/\/lt-laborhandel.de\/produkt\/buerkle-fluessigkeits-sammler-aufsetzoeffnung-v4a-100-ml-5326-0004\/"},"modified":"2026-01-09T21:21:38","modified_gmt":"2026-01-09T20:21:38","slug":"buerkle-fluessigkeits-sammler-aufsetzoeffnung-v4a-100-ml-5326-0004","status":"publish","type":"product","link":"https:\/\/lt-laborhandel.de\/en\/produkt\/buerkle-fluessigkeits-sammler-aufsetzoeffnung-v4a-100-ml-5326-0004\/","title":{"rendered":"B\u00fcrkle, Fl\u00fcssigkeits-Sammler, Aufsetz\u00f6ffnung, V4A, 100ml, #5326-0004"},"content":{"rendered":"<p>Zum Entleeren der Probe wird das Ventil durch Aufsetzen auf dem Probengef\u00e4\u00df ge\u00f6ffnet. Probenehmer f\u00fcr d\u00fcnnfl\u00fcssige bis viskose Fl\u00fcssigkeiten. Einfache Handhabung mit Einhandbedienung. Mit Auslauftrichter f\u00fcr ein sicheres Bef\u00fcllen der Probenflaschen.<\/p>\n<p>Material V4A (1.4404)<\/p>\n<p>Sterilit\u00e4t:\tNein<\/p>\n","protected":false},"excerpt":{"rendered":"<p><b>Zubeh\u00f6r- und Ersatzteile erhalten Sie gerne auf Anfrage!<\/b><\/p>\n","protected":false},"featured_media":10732,"template":"","meta":[],"product_brand":[],"product_cat":[217],"product_tag":[],"class_list":{"0":"post-11046","1":"product","2":"type-product","3":"status-publish","4":"has-post-thumbnail","6":"product_cat-probenentnahmegeraete","7":"product_shipping_class-standard","9":"first","10":"instock","11":"taxable","12":"shipping-taxable","13":"purchasable","14":"product-type-simple"},"tiered_pricing_type":"fixed","tiered_pricing_fixed_rules":{"5":237},"tiered_pricing_product_settings":{"layout":"default","base_unit_name":{"singular":null,"plural":null},"default_variation":null},"tiered_pricing_minimum_quantity":null,"tiered_pricing_roles_data":[],"tiered_pricing_percentage_rules":[],"_links":{"self":[{"href":"https:\/\/lt-laborhandel.de\/en\/wp-json\/wp\/v2\/product\/11046","targetHints":{"allow":["GET"]}}],"collection":[{"href":"https:\/\/lt-laborhandel.de\/en\/wp-json\/wp\/v2\/product"}],"about":[{"href":"https:\/\/lt-laborhandel.de\/en\/wp-json\/wp\/v2\/types\/product"}],"wp:featuredmedia":[{"embeddable":true,"href":"https:\/\/lt-laborhandel.de\/en\/wp-json\/wp\/v2\/media\/10732"}],"wp:attachment":[{"href":"https:\/\/lt-laborhandel.de\/en\/wp-json\/wp\/v2\/media?parent=11046"}],"wp:term":[{"taxonomy":"product_brand","embeddable":true,"href":"https:\/\/lt-laborhandel.de\/en\/wp-json\/wp\/v2\/product_brand?post=11046"},{"taxonomy":"product_cat","embeddable":true,"href":"https:\/\/lt-laborhandel.de\/en\/wp-json\/wp\/v2\/product_cat?post=11046"},{"taxonomy":"product_tag","embeddable":true,"href":"https:\/\/lt-laborhandel.de\/en\/wp-json\/wp\/v2\/product_tag?post=11046"}],"curies":[{"name":"wp","href":"https:\/\/api.w.org\/{rel}","templated":true}]}}