{"id":11042,"date":"2022-06-17T08:14:07","date_gmt":"2022-06-17T06:14:07","guid":{"rendered":"https:\/\/lt-laborhandel.de\/produkt\/buerkle-pharmascoop-v4a-1000ml-laenge-235mm-griff-600mm-5324-0019\/"},"modified":"2026-01-09T21:21:36","modified_gmt":"2026-01-09T20:21:36","slug":"buerkle-pharmascoop-v4a-1000ml-laenge-235mm-griff-600mm-5324-0019","status":"publish","type":"product","link":"https:\/\/lt-laborhandel.de\/en\/produkt\/buerkle-pharmascoop-v4a-1000ml-laenge-235mm-griff-600mm-5324-0019\/","title":{"rendered":"B\u00fcrkle, PharmaScoop, V4A, 1000ml, L\u00e4nge 235mm, Griff 600mm, #5324-0019"},"content":{"rendered":"<p>Der lange Griff der Probenschaufel erm\u00f6glicht es, auch schwer zu erreichende Orte sicher zu beproben, z.B. gro\u00dfe Gebinde mit wenig Inhalt. Dabei verhindert der hohe Rand ein Versch\u00fctten der entnommenen Probe. Die leichte Ausf\u00fchrung der Edelstahlschaufel sorgt f\u00fcr ein angenehmes Handling. Die Probenschaufel PharmaScoop wurde entwickelt, um den hohen Anforderungen der pharmazeutischen Industrie, wie sie sich beispielsweise in den FDA-Vorschriften finden, gerecht zu werden.<\/p>\n<p>Gefertigt wie alle Pharma-Probenehmer aus Edelstahl V4A ohne Kanten, Ritzen, Hinterschneidungen, in denen sich Probenreste absetzen und Folgeproben verf\u00e4lschen k\u00f6nnten. Die innen und au\u00dfen hochglanzpolierte Schaufel erf\u00fcllt somit alle Anforderungen f\u00fcr eine GMP-konforme Produktion und Probenahme.<\/p>\n<p>Extra langer Griff<\/p>\n<p>Edelstahl V4A (1.4404)<\/p>\n<p>GMP-konform<\/p>\n<p>Hochglanzpoliert<\/p>\n<p>Nennvolumen:\t1 l<\/p>\n<p>Material:\tEdelstahl<\/p>\n<p>Sterilit\u00e4t:\tNein<\/p>\n","protected":false},"excerpt":{"rendered":"<p><b>Zubeh\u00f6r- und Ersatzteile erhalten Sie gerne auf Anfrage!<\/b><\/p>\n","protected":false},"featured_media":10730,"template":"","meta":[],"product_brand":[],"product_cat":[217],"product_tag":[],"class_list":{"0":"post-11042","1":"product","2":"type-product","3":"status-publish","4":"has-post-thumbnail","6":"product_cat-probenentnahmegeraete","7":"product_shipping_class-standard","9":"first","10":"instock","11":"taxable","12":"shipping-taxable","13":"purchasable","14":"product-type-simple"},"tiered_pricing_type":"fixed","tiered_pricing_fixed_rules":{"10":171},"tiered_pricing_product_settings":{"layout":"default","base_unit_name":{"singular":null,"plural":null},"default_variation":null},"tiered_pricing_minimum_quantity":null,"tiered_pricing_roles_data":[],"tiered_pricing_percentage_rules":[],"_links":{"self":[{"href":"https:\/\/lt-laborhandel.de\/en\/wp-json\/wp\/v2\/product\/11042","targetHints":{"allow":["GET"]}}],"collection":[{"href":"https:\/\/lt-laborhandel.de\/en\/wp-json\/wp\/v2\/product"}],"about":[{"href":"https:\/\/lt-laborhandel.de\/en\/wp-json\/wp\/v2\/types\/product"}],"wp:featuredmedia":[{"embeddable":true,"href":"https:\/\/lt-laborhandel.de\/en\/wp-json\/wp\/v2\/media\/10730"}],"wp:attachment":[{"href":"https:\/\/lt-laborhandel.de\/en\/wp-json\/wp\/v2\/media?parent=11042"}],"wp:term":[{"taxonomy":"product_brand","embeddable":true,"href":"https:\/\/lt-laborhandel.de\/en\/wp-json\/wp\/v2\/product_brand?post=11042"},{"taxonomy":"product_cat","embeddable":true,"href":"https:\/\/lt-laborhandel.de\/en\/wp-json\/wp\/v2\/product_cat?post=11042"},{"taxonomy":"product_tag","embeddable":true,"href":"https:\/\/lt-laborhandel.de\/en\/wp-json\/wp\/v2\/product_tag?post=11042"}],"curies":[{"name":"wp","href":"https:\/\/api.w.org\/{rel}","templated":true}]}}