{"id":11009,"date":"2022-06-17T08:13:50","date_gmt":"2022-06-17T06:13:50","guid":{"rendered":"https:\/\/lt-laborhandel.de\/produkt\/buerkle-multi-sammler-v4a-ptfe-150-cm-5-kammern-je-17ml-5316-0150\/"},"modified":"2026-01-09T21:21:30","modified_gmt":"2026-01-09T20:21:30","slug":"buerkle-multi-sammler-v4a-ptfe-150-cm-5-kammern-je-17ml-5316-0150","status":"publish","type":"product","link":"https:\/\/lt-laborhandel.de\/en\/produkt\/buerkle-multi-sammler-v4a-ptfe-150-cm-5-kammern-je-17ml-5316-0150\/","title":{"rendered":"B\u00fcrkle, Multi-Sammler, V4A\/PTFE, 150 cm, 5 Kammern je 17ml, #5316-0150"},"content":{"rendered":"<p>Multi-Sammler mit mehreren geschlossenen Kammern, f\u00fcr Multi-Zielpunktproben aus mehreren vorbestimmten Probentiefen. B\u00fcrkle-Zonensammler dienen der Probenahme von Sch\u00fcttg\u00fctern aller Art.<\/p>\n<p>Der gro\u00dfe Vorteil der Zonensammler liegt darin, dass Allschichtproben aus allen Schichten eines Gebindes gesammelt werden k\u00f6nnen.<\/p>\n<p>Mit den Stechlanzen k\u00f6nnen unterschiedliche Sch\u00fcttg\u00fcter, vom feinsten Pulver bis hin zu gro\u00dfen K\u00f6rnern, wie Mais oder N\u00fcssen, gesammelt werden.<\/p>\n<p>Die Zonensammler sind in verschiedenen L\u00e4ngen erh\u00e4ltlich. 55 cm (nur Multi-, Uno- und Allschichtsammler) speziell f\u00fcr S\u00e4cke geeignet, 85 cm lang (speziell f\u00fcr F\u00e4sser, Tonnen, Mischbeh\u00e4lter) und 150 cm, sowie 250 cm lang (nur Jumbo-Sammler) f\u00fcr BigBags, Silos, Tanks etc.<\/p>\n<p>Mit hilfreichem Zubeh\u00f6r wie Verschlussh\u00fclsen, Quali-Paper, Reinigungsb\u00fcrste, Entleervorrichtung und close-it-Verschluss-Siegel wird die einfache und sichere Probenahme zus\u00e4tzlich erleichtert.<\/p>\n<p>Die Zonensammler sind in verschiedenen Varianten f\u00fcr unterschiedliche Beprobungen erh\u00e4ltlich.<\/p>\n<p>Aluminium, V4A (1.4404) oder V4A\/PTFE<\/p>\n<p>Version aus V4A\/PTFE mit geringerem Gewicht durch PTFE-Sammelkammern<\/p>\n<p>Mit Farbcodierungs-System<\/p>\n<p>25 mm \u00d8<\/p>\n<p>Geringstm\u00f6gliche Spaltenabst\u00e4nde zwischen dem Innen- und Au\u00dfenrohr<\/p>\n<p>Leichte Reinigung, Spitze abnehmbar<\/p>\n<p>Farbcodierung (Multi- und Uno-Sammler)<\/p>\n<p>Ultrareine Werkstoffe<\/p>\n<p>Hervorragende Verarbeitung, robuste Ausf\u00fchrung<\/p>\n<p>Sterilit\u00e4t:\tNein<\/p>\n","protected":false},"excerpt":{"rendered":"<p><b>Zubeh\u00f6r- und Ersatzteile erhalten Sie gerne auf Anfrage!<\/b><\/p>\n","protected":false},"featured_media":10686,"template":"","meta":[],"product_brand":[],"product_cat":[217],"product_tag":[],"class_list":{"0":"post-11009","1":"product","2":"type-product","3":"status-publish","4":"has-post-thumbnail","6":"product_cat-probenentnahmegeraete","7":"product_shipping_class-standard","9":"first","10":"instock","11":"taxable","12":"shipping-taxable","13":"purchasable","14":"product-type-simple"},"tiered_pricing_type":"fixed","tiered_pricing_fixed_rules":[],"tiered_pricing_product_settings":{"layout":"default","base_unit_name":{"singular":null,"plural":null},"default_variation":null},"tiered_pricing_minimum_quantity":null,"tiered_pricing_roles_data":[],"tiered_pricing_percentage_rules":[],"_links":{"self":[{"href":"https:\/\/lt-laborhandel.de\/en\/wp-json\/wp\/v2\/product\/11009","targetHints":{"allow":["GET"]}}],"collection":[{"href":"https:\/\/lt-laborhandel.de\/en\/wp-json\/wp\/v2\/product"}],"about":[{"href":"https:\/\/lt-laborhandel.de\/en\/wp-json\/wp\/v2\/types\/product"}],"wp:featuredmedia":[{"embeddable":true,"href":"https:\/\/lt-laborhandel.de\/en\/wp-json\/wp\/v2\/media\/10686"}],"wp:attachment":[{"href":"https:\/\/lt-laborhandel.de\/en\/wp-json\/wp\/v2\/media?parent=11009"}],"wp:term":[{"taxonomy":"product_brand","embeddable":true,"href":"https:\/\/lt-laborhandel.de\/en\/wp-json\/wp\/v2\/product_brand?post=11009"},{"taxonomy":"product_cat","embeddable":true,"href":"https:\/\/lt-laborhandel.de\/en\/wp-json\/wp\/v2\/product_cat?post=11009"},{"taxonomy":"product_tag","embeddable":true,"href":"https:\/\/lt-laborhandel.de\/en\/wp-json\/wp\/v2\/product_tag?post=11009"}],"curies":[{"name":"wp","href":"https:\/\/api.w.org\/{rel}","templated":true}]}}