{"id":11000,"date":"2022-06-17T08:13:47","date_gmt":"2022-06-17T06:13:47","guid":{"rendered":"https:\/\/lt-laborhandel.de\/produkt\/buerkle-microsampler-v4a-rohr-o-12-mm-laenge-120-cm-5307-1120\/"},"modified":"2026-01-09T21:21:27","modified_gmt":"2026-01-09T20:21:27","slug":"buerkle-microsampler-v4a-rohr-o-12-mm-laenge-120-cm-5307-1120","status":"publish","type":"product","link":"https:\/\/lt-laborhandel.de\/en\/produkt\/buerkle-microsampler-v4a-rohr-o-12-mm-laenge-120-cm-5307-1120\/","title":{"rendered":"B\u00fcrkle, MicroSampler, V4A, Rohr-\u00d8 12 mm, L\u00e4nge 120 cm, #5307-1120"},"content":{"rendered":"<p>MicroSampler wurde speziell konstruiert f\u00fcr das Sammeln von kleinen Pulvermengen.<\/p>\n<p>Volumen von 0,2 ml, 0,5 ml, 1,0 ml, 2,0 ml, 5,0 ml und 10 ml k\u00f6nnen auf einfache, rasche und saubere Weise aus verschiedenen Probentiefen aus S\u00e4cken oder Beh\u00e4ltern gezogen werden.<\/p>\n<p>Die Spitzen des MicroSamplers sind austauschbar. Dadurch k\u00f6nnen Spitzen mit verschiedenen Volumina eingesetzt werden.<\/p>\n<p>Zielpunktprobe<\/p>\n<p>Verschiedene Volumina und L\u00e4ngen lieferbar<\/p>\n<p>Spitze abnehmbar, leichte Reinigung<\/p>\n<p>Edelstahl V4A (1.4404)<\/p>\n<p>Sterilisierbar<\/p>\n<p>Weitere Spitzen in verschiedenen Gr\u00f6\u00dfen verf\u00fcgbar<\/p>\n<p>Bitte gew\u00fcnschte Spitze mitbestellen!<\/p>\n<p>Sterilit\u00e4t:\tNein<\/p>\n","protected":false},"excerpt":{"rendered":"<p><b>Zubeh\u00f6r- und Ersatzteile erhalten Sie gerne auf Anfrage!<\/b><\/p>\n","protected":false},"featured_media":10560,"template":"","meta":[],"product_brand":[],"product_cat":[217],"product_tag":[],"class_list":{"0":"post-11000","1":"product","2":"type-product","3":"status-publish","4":"has-post-thumbnail","6":"product_cat-probenentnahmegeraete","7":"product_shipping_class-standard","9":"first","10":"instock","11":"taxable","12":"shipping-taxable","13":"purchasable","14":"product-type-simple"},"tiered_pricing_type":"fixed","tiered_pricing_fixed_rules":[],"tiered_pricing_product_settings":{"layout":"default","base_unit_name":{"singular":null,"plural":null},"default_variation":null},"tiered_pricing_minimum_quantity":null,"tiered_pricing_roles_data":[],"tiered_pricing_percentage_rules":[],"_links":{"self":[{"href":"https:\/\/lt-laborhandel.de\/en\/wp-json\/wp\/v2\/product\/11000","targetHints":{"allow":["GET"]}}],"collection":[{"href":"https:\/\/lt-laborhandel.de\/en\/wp-json\/wp\/v2\/product"}],"about":[{"href":"https:\/\/lt-laborhandel.de\/en\/wp-json\/wp\/v2\/types\/product"}],"wp:featuredmedia":[{"embeddable":true,"href":"https:\/\/lt-laborhandel.de\/en\/wp-json\/wp\/v2\/media\/10560"}],"wp:attachment":[{"href":"https:\/\/lt-laborhandel.de\/en\/wp-json\/wp\/v2\/media?parent=11000"}],"wp:term":[{"taxonomy":"product_brand","embeddable":true,"href":"https:\/\/lt-laborhandel.de\/en\/wp-json\/wp\/v2\/product_brand?post=11000"},{"taxonomy":"product_cat","embeddable":true,"href":"https:\/\/lt-laborhandel.de\/en\/wp-json\/wp\/v2\/product_cat?post=11000"},{"taxonomy":"product_tag","embeddable":true,"href":"https:\/\/lt-laborhandel.de\/en\/wp-json\/wp\/v2\/product_tag?post=11000"}],"curies":[{"name":"wp","href":"https:\/\/api.w.org\/{rel}","templated":true}]}}