{"id":10996,"date":"2022-06-17T08:13:46","date_gmt":"2022-06-17T06:13:46","guid":{"rendered":"https:\/\/lt-laborhandel.de\/produkt\/buerkle-profi-sampler-pp-komplett-5305-1000\/"},"modified":"2026-01-09T21:21:27","modified_gmt":"2026-01-09T20:21:27","slug":"buerkle-profi-sampler-pp-komplett-5305-1000","status":"publish","type":"product","link":"https:\/\/lt-laborhandel.de\/en\/produkt\/buerkle-profi-sampler-pp-komplett-5305-1000\/","title":{"rendered":"B\u00fcrkle, Profi Sampler PP, komplett, #5305-1000"},"content":{"rendered":"<p>ProfiSampler PP f\u00fcr allgemeine Probenahme, f\u00fcr schwache S\u00e4uren, Laugen, Reiniger, chemische B\u00e4der. Aus massivem, chemikalienbest\u00e4ndigem Polypropylen.<\/p>\n<p>ProfiSampler PP bestehend aus: Vakuumpumpe, aus massivem PP, mit Standbeinen, Bel\u00fcftungsventil und Flaschengewinde GL 40, 1 PP-Flasche 250 ml, 10 m PE-Saugschlauch (Rolle), 1 Schlauchabschneider, 1 Edelstahl-Schlauchgewicht aus V2A (1.4301), 20 seal-it Flaschenplomben.<\/p>\n<p>W\u00e4hrend der MiniSampler f\u00fcr den Einsatz im Labor konzipiert ist, wurde der ProfiSampler speziell f\u00fcr den robusten Einsatz in der Industrie entwickelt.<\/p>\n<p>Einsatzzweck<\/p>\n<p>Probenahme von Fl\u00fcssigkeiten aus F\u00e4ssern, Tanks, LKWs, Eisenbahnwaggons, Schiffen, Gew\u00e4ssern, Grundwasser, etc.<\/p>\n<p>Vakuum-Probensammler haben den Vorteil, dass die Fl\u00fcssigkeit nur mit dem Saugschlauch und der Original-Probenflasche in Kontakt kommt. Cross-Kontamination wird weitgehend vermieden. Die Flaschen werden sofort nach der Probenahme verschlossen. Der Einweg-Saugschlauch kann rasch ausgetauscht werden. Dadurch ist gew\u00e4hrleistet, dass jeweils sortenreine Proben gezogen werden. Bei Bedarf wird f\u00fcr jede Probe ein neuer Schlauch eingesetzt.<\/p>\n<p>Durch seinen geringen Durchmesser (8 mm) kann der Schlauch auch an enge, verwinkelte Probenstellen gef\u00fchrt werden.<\/p>\n<p>Der ProfiSampler kann durch hilfreiches, in der Praxis entwickeltes Zubeh\u00f6r erg\u00e4nzt werden.<\/p>\n<p>Drei Standf\u00fc\u00dfe gew\u00e4hrleisten ein sicheres Abstellen des ProfiSamplers<\/p>\n<p>F\u00fcllstandskontrolle, R\u00fcckflussautomatik und \u00dcberf\u00fcllschutz durch das integrierte Bel\u00fcftungsventil<\/p>\n<p>Lieferbar mit Saugschlauch in PE, PA und PTFE, wenn h\u00f6chste Reinheit gefragt ist<\/p>\n<p>Lieferbar mit geraden Saugrohren f\u00fcr einfachere Probenahme, inkl. Transportk\u00f6cher f\u00fcr geordneten Transport und Entsorgung der Saugrohre<\/p>\n<p>Saugvolumen 200 ml, Saugkraft von 0,5 bar<\/p>\n<p>Saugh\u00f6he ab Fl\u00fcssigkeits-Oberfl\u00e4che 5 m WS<\/p>\n<p>Probenahmeflaschen in verschiedenen Materialien und Gr\u00f6\u00dfen erh\u00e4ltlich<\/p>\n<p>Achtung! &#8220;Liste der chemischen Best\u00e4ndigkeiten&#8221; beachten!<\/p>\n<p>Sterilit\u00e4t:\tNein<\/p>\n","protected":false},"excerpt":{"rendered":"<p><b>Zubeh\u00f6r- und Ersatzteile erhalten Sie gerne auf Anfrage!<\/b><\/p>\n","protected":false},"featured_media":10554,"template":"","meta":[],"product_brand":[],"product_cat":[217],"product_tag":[],"class_list":{"0":"post-10996","1":"product","2":"type-product","3":"status-publish","4":"has-post-thumbnail","6":"product_cat-probenentnahmegeraete","7":"product_shipping_class-standard","9":"first","10":"instock","11":"taxable","12":"shipping-taxable","13":"purchasable","14":"product-type-simple"},"tiered_pricing_type":"fixed","tiered_pricing_fixed_rules":[],"tiered_pricing_product_settings":{"layout":"default","base_unit_name":{"singular":null,"plural":null},"default_variation":null},"tiered_pricing_minimum_quantity":null,"tiered_pricing_roles_data":[],"tiered_pricing_percentage_rules":[],"_links":{"self":[{"href":"https:\/\/lt-laborhandel.de\/en\/wp-json\/wp\/v2\/product\/10996","targetHints":{"allow":["GET"]}}],"collection":[{"href":"https:\/\/lt-laborhandel.de\/en\/wp-json\/wp\/v2\/product"}],"about":[{"href":"https:\/\/lt-laborhandel.de\/en\/wp-json\/wp\/v2\/types\/product"}],"wp:featuredmedia":[{"embeddable":true,"href":"https:\/\/lt-laborhandel.de\/en\/wp-json\/wp\/v2\/media\/10554"}],"wp:attachment":[{"href":"https:\/\/lt-laborhandel.de\/en\/wp-json\/wp\/v2\/media?parent=10996"}],"wp:term":[{"taxonomy":"product_brand","embeddable":true,"href":"https:\/\/lt-laborhandel.de\/en\/wp-json\/wp\/v2\/product_brand?post=10996"},{"taxonomy":"product_cat","embeddable":true,"href":"https:\/\/lt-laborhandel.de\/en\/wp-json\/wp\/v2\/product_cat?post=10996"},{"taxonomy":"product_tag","embeddable":true,"href":"https:\/\/lt-laborhandel.de\/en\/wp-json\/wp\/v2\/product_tag?post=10996"}],"curies":[{"name":"wp","href":"https:\/\/api.w.org\/{rel}","templated":true}]}}