{"id":10993,"date":"2022-06-17T08:13:44","date_gmt":"2022-06-17T06:13:44","guid":{"rendered":"https:\/\/lt-laborhandel.de\/produkt\/buerkle-powderproof-pulver-lanze-vertikal-120cm-komplett-5302-1202\/"},"modified":"2026-01-09T21:21:26","modified_gmt":"2026-01-09T20:21:26","slug":"buerkle-powderproof-pulver-lanze-vertikal-120cm-komplett-5302-1202","status":"publish","type":"product","link":"https:\/\/lt-laborhandel.de\/en\/produkt\/buerkle-powderproof-pulver-lanze-vertikal-120cm-komplett-5302-1202\/","title":{"rendered":"B\u00fcrkle, PowderProof Pulver, Lanze vertikal 120cm, komplett, #5302-1202"},"content":{"rendered":"<p>Qualit\u00e4tssicherung beginnt bei der Wareneingangskontrolle! Eine Allschichtprobe von Sch\u00fcttg\u00fctern ist mit dem Pulver- und Granulat-Sammler PowderProof\u00ae kein Problem mehr.<\/p>\n<p>PowderProof\u00ae ist die praxisbew\u00e4hrte Profil\u00f6sung f\u00fcr die mobile Probenahme von Pulvern und Granulaten. An die robuste Antriebseinheit lassen sich verschiedene Stechlanzen und F\u00f6rderspiralen koppeln und problemlos austauschen. Durch dieses modulare Ger\u00e4tekonzept ist PowderProof\u00ae vielseitig einsetzbar f\u00fcr Granulate und Pulver, aus Tonnen, F\u00e4ssern, BigBags oder S\u00e4cken.<\/p>\n<p>Mit hilfreichem Zubeh\u00f6r wie Flaschenkorb, Probenbeutel und close-it Verschluss-Siegel wird die einfache und sichere Probenentnahme zus\u00e4tzlich erleichtert.<\/p>\n<p>PowderProof\u00ae mit Lanze f\u00fcr horizontalen Einsatz zur Entnahme von Proben aus S\u00e4cken, mit Lanze f\u00fcr vertikalen Einsatz, f\u00fcr die Probenahme aus offenen Gebinden wie F\u00e4ssern, Tonnen oder BigBags.<\/p>\n<p>Vielseitig einsetzbar<\/p>\n<p>Edelstahl V4A (1.4404)\/V2A (1.4310)<\/p>\n<p>Inkl. Antrieb, zwei Akkus, Schnell-Ladeger\u00e4t, Stechlanze, F\u00f6rderspirale, Beutel, Beutelhalteklammer und Reinigungsb\u00fcrste<\/p>\n<p>Weitere F\u00f6rderspiralen als Zubeh\u00f6r erh\u00e4ltlich<\/p>\n<p>Reg. Markenzeichen:\tPowderProof\u00ae<\/p>\n<p>Sterilit\u00e4t:\tNein<\/p>\n","protected":false},"excerpt":{"rendered":"<p><b>Zubeh\u00f6r- und Ersatzteile erhalten Sie gerne auf Anfrage!<\/b><\/p>\n","protected":false},"featured_media":10550,"template":"","meta":[],"product_brand":[],"product_cat":[217],"product_tag":[],"class_list":{"0":"post-10993","1":"product","2":"type-product","3":"status-publish","4":"has-post-thumbnail","6":"product_cat-probenentnahmegeraete","7":"product_shipping_class-standard","9":"first","10":"instock","11":"taxable","12":"shipping-taxable","13":"purchasable","14":"product-type-simple"},"tiered_pricing_type":"fixed","tiered_pricing_fixed_rules":[],"tiered_pricing_product_settings":{"layout":"default","base_unit_name":{"singular":null,"plural":null},"default_variation":null},"tiered_pricing_minimum_quantity":null,"tiered_pricing_roles_data":[],"tiered_pricing_percentage_rules":[],"_links":{"self":[{"href":"https:\/\/lt-laborhandel.de\/en\/wp-json\/wp\/v2\/product\/10993","targetHints":{"allow":["GET"]}}],"collection":[{"href":"https:\/\/lt-laborhandel.de\/en\/wp-json\/wp\/v2\/product"}],"about":[{"href":"https:\/\/lt-laborhandel.de\/en\/wp-json\/wp\/v2\/types\/product"}],"wp:featuredmedia":[{"embeddable":true,"href":"https:\/\/lt-laborhandel.de\/en\/wp-json\/wp\/v2\/media\/10550"}],"wp:attachment":[{"href":"https:\/\/lt-laborhandel.de\/en\/wp-json\/wp\/v2\/media?parent=10993"}],"wp:term":[{"taxonomy":"product_brand","embeddable":true,"href":"https:\/\/lt-laborhandel.de\/en\/wp-json\/wp\/v2\/product_brand?post=10993"},{"taxonomy":"product_cat","embeddable":true,"href":"https:\/\/lt-laborhandel.de\/en\/wp-json\/wp\/v2\/product_cat?post=10993"},{"taxonomy":"product_tag","embeddable":true,"href":"https:\/\/lt-laborhandel.de\/en\/wp-json\/wp\/v2\/product_tag?post=10993"}],"curies":[{"name":"wp","href":"https:\/\/api.w.org\/{rel}","templated":true}]}}