{"id":10990,"date":"2022-06-17T08:13:35","date_gmt":"2022-06-17T06:13:35","guid":{"rendered":"https:\/\/lt-laborhandel.de\/produkt\/buerkle-powderproof-foerderspirale-pulver-bis-2mm90cm-kpl-5302-0916\/"},"modified":"2026-01-09T21:21:26","modified_gmt":"2026-01-09T20:21:26","slug":"buerkle-powderproof-foerderspirale-pulver-bis-2mm90cm-kpl-5302-0916","status":"publish","type":"product","link":"https:\/\/lt-laborhandel.de\/en\/produkt\/buerkle-powderproof-foerderspirale-pulver-bis-2mm90cm-kpl-5302-0916\/","title":{"rendered":"B\u00fcrkle, PowderProof F\u00f6rderspirale Pulver bis 2mm, 90cm, komplett, #5302-0916"},"content":{"rendered":"<p>PowderProof F\u00f6rderspirale Pulver bis 2mm,90cm kpl.<\/p>\n<p>Sterilit\u00e4t:\tNein<\/p>\n","protected":false},"excerpt":{"rendered":"<p><b>Zubeh\u00f6r- und Ersatzteile erhalten Sie gerne auf Anfrage!<\/b><\/p>\n","protected":false},"featured_media":10552,"template":"","meta":[],"product_brand":[],"product_cat":[217],"product_tag":[],"class_list":{"0":"post-10990","1":"product","2":"type-product","3":"status-publish","4":"has-post-thumbnail","6":"product_cat-probenentnahmegeraete","7":"product_shipping_class-standard","9":"first","10":"instock","11":"taxable","12":"shipping-taxable","13":"purchasable","14":"product-type-simple"},"tiered_pricing_type":"fixed","tiered_pricing_fixed_rules":[],"tiered_pricing_product_settings":{"layout":"default","base_unit_name":{"singular":null,"plural":null},"default_variation":null},"tiered_pricing_minimum_quantity":null,"tiered_pricing_roles_data":[],"tiered_pricing_percentage_rules":[],"_links":{"self":[{"href":"https:\/\/lt-laborhandel.de\/en\/wp-json\/wp\/v2\/product\/10990","targetHints":{"allow":["GET"]}}],"collection":[{"href":"https:\/\/lt-laborhandel.de\/en\/wp-json\/wp\/v2\/product"}],"about":[{"href":"https:\/\/lt-laborhandel.de\/en\/wp-json\/wp\/v2\/types\/product"}],"wp:featuredmedia":[{"embeddable":true,"href":"https:\/\/lt-laborhandel.de\/en\/wp-json\/wp\/v2\/media\/10552"}],"wp:attachment":[{"href":"https:\/\/lt-laborhandel.de\/en\/wp-json\/wp\/v2\/media?parent=10990"}],"wp:term":[{"taxonomy":"product_brand","embeddable":true,"href":"https:\/\/lt-laborhandel.de\/en\/wp-json\/wp\/v2\/product_brand?post=10990"},{"taxonomy":"product_cat","embeddable":true,"href":"https:\/\/lt-laborhandel.de\/en\/wp-json\/wp\/v2\/product_cat?post=10990"},{"taxonomy":"product_tag","embeddable":true,"href":"https:\/\/lt-laborhandel.de\/en\/wp-json\/wp\/v2\/product_tag?post=10990"}],"curies":[{"name":"wp","href":"https:\/\/api.w.org\/{rel}","templated":true}]}}