{"id":10978,"date":"2022-06-17T08:13:31","date_gmt":"2022-06-17T06:13:31","guid":{"rendered":"https:\/\/lt-laborhandel.de\/produkt\/buerkle-silobohrer-alu-150-cm-spiralen-o-90-mm-400-ml-5301-1000\/"},"modified":"2026-01-09T21:21:23","modified_gmt":"2026-01-09T20:21:23","slug":"buerkle-silobohrer-alu-150-cm-spiralen-o-90-mm-400-ml-5301-1000","status":"publish","type":"product","link":"https:\/\/lt-laborhandel.de\/en\/produkt\/buerkle-silobohrer-alu-150-cm-spiralen-o-90-mm-400-ml-5301-1000\/","title":{"rendered":"B\u00fcrkle, SiloBohrer, Alu, 150 cm, Spiralen-\u00d8 90 mm, 400ml, #5301-1000"},"content":{"rendered":"<p>Werden Sch\u00fcttg\u00fcter \u00fcber gr\u00f6\u00dfere Strecken transportiert (im LKW, Bahnwaggon) entmischt sich in der Regel das Sch\u00fcttgut.<\/p>\n<p>Eine Probenahme nur von der Oberfl\u00e4che f\u00fchrt deshalb zu falschen Ergebnissen.<\/p>\n<p>Mit dem SiloBohrer k\u00f6nnen repr\u00e4sentative Proben aus allen Schichten des Silos genommen werden. Mit seinen 90 mm Durchmesser passt der SiloBohrer durch alle g\u00e4ngigen \u00d6ffnungen.<\/p>\n<p>Aus Edelstahl V2A (1.4301) oder Aluminium<\/p>\n<p>Standardl\u00e4nge 150 cm, verl\u00e4ngerbar um je 100 cm, max. 350 cm<\/p>\n<p>Gefedertes Innenrohr verhindert Verklemmen bei groben K\u00f6rnern<\/p>\n<p>Sch\u00fcrfkante f\u00fcr koh\u00e4sive Substanzen<\/p>\n<p>Robuster, abnehmbarer T-Handgriff<\/p>\n<p>Bohrspitze mit Bohrschaufeln f\u00fcr leichtes Einbohren<\/p>\n<p>Leichte Demontage der Probenkammer, einfache Reinigung<\/p>\n<p>Sterilit\u00e4t:\tNein<\/p>\n","protected":false},"excerpt":{"rendered":"<p><b>Zubeh\u00f6r- und Ersatzteile erhalten Sie gerne auf Anfrage!<\/b><\/p>\n","protected":false},"featured_media":10542,"template":"","meta":[],"product_brand":[],"product_cat":[217],"product_tag":[],"class_list":{"0":"post-10978","1":"product","2":"type-product","3":"status-publish","4":"has-post-thumbnail","6":"product_cat-probenentnahmegeraete","7":"product_shipping_class-standard","9":"first","10":"instock","11":"taxable","12":"shipping-taxable","13":"purchasable","14":"product-type-simple"},"tiered_pricing_type":"fixed","tiered_pricing_fixed_rules":{"5":534},"tiered_pricing_product_settings":{"layout":"default","base_unit_name":{"singular":null,"plural":null},"default_variation":null},"tiered_pricing_minimum_quantity":null,"tiered_pricing_roles_data":[],"tiered_pricing_percentage_rules":[],"_links":{"self":[{"href":"https:\/\/lt-laborhandel.de\/en\/wp-json\/wp\/v2\/product\/10978","targetHints":{"allow":["GET"]}}],"collection":[{"href":"https:\/\/lt-laborhandel.de\/en\/wp-json\/wp\/v2\/product"}],"about":[{"href":"https:\/\/lt-laborhandel.de\/en\/wp-json\/wp\/v2\/types\/product"}],"wp:featuredmedia":[{"embeddable":true,"href":"https:\/\/lt-laborhandel.de\/en\/wp-json\/wp\/v2\/media\/10542"}],"wp:attachment":[{"href":"https:\/\/lt-laborhandel.de\/en\/wp-json\/wp\/v2\/media?parent=10978"}],"wp:term":[{"taxonomy":"product_brand","embeddable":true,"href":"https:\/\/lt-laborhandel.de\/en\/wp-json\/wp\/v2\/product_brand?post=10978"},{"taxonomy":"product_cat","embeddable":true,"href":"https:\/\/lt-laborhandel.de\/en\/wp-json\/wp\/v2\/product_cat?post=10978"},{"taxonomy":"product_tag","embeddable":true,"href":"https:\/\/lt-laborhandel.de\/en\/wp-json\/wp\/v2\/product_tag?post=10978"}],"curies":[{"name":"wp","href":"https:\/\/api.w.org\/{rel}","templated":true}]}}