{"id":10977,"date":"2022-06-17T08:13:31","date_gmt":"2022-06-17T06:13:31","guid":{"rendered":"https:\/\/lt-laborhandel.de\/produkt\/buerkle-sicherheitstrichter-v2a-flammsperre-2-feingew-2601-9900\/"},"modified":"2026-01-09T21:21:22","modified_gmt":"2026-01-09T20:21:22","slug":"buerkle-sicherheitstrichter-v2a-flammsperre-2-feingew-2601-9900","status":"publish","type":"product","link":"https:\/\/lt-laborhandel.de\/en\/produkt\/buerkle-sicherheitstrichter-v2a-flammsperre-2-feingew-2601-9900\/","title":{"rendered":"B\u00fcrkle, Sicherheitstrichter V2A, Flammsperre, 2&#8243; Feingew., #2601-9900"},"content":{"rendered":"<p>Sicherheitstrichter f\u00fcr leichtes Bef\u00fcllen von Beh\u00e4ltern. Mit \u00dcberlaufsicherung.<\/p>\n<p>Aus Edelstahl V2A<\/p>\n<p>Flammsperre<\/p>\n<p>Anschluss 2&#8243;-Feingewinde NPT<\/p>\n<p>Auslaufrohr \u00d8 3,5 cm<\/p>\n<p>Material:\tEdelstahl<\/p>\n<p>Sterilit\u00e4t:\tNein<\/p>\n","protected":false},"excerpt":{"rendered":"<p><b>Zubeh\u00f6r- und Ersatzteile erhalten Sie gerne auf Anfrage!<\/b><\/p>\n","protected":false},"featured_media":10540,"template":"","meta":[],"product_brand":[],"product_cat":[216],"product_tag":[],"class_list":{"0":"post-10977","1":"product","2":"type-product","3":"status-publish","4":"has-post-thumbnail","6":"product_cat-sicherheitsbehaelter","7":"product_shipping_class-standard","9":"first","10":"instock","11":"taxable","12":"shipping-taxable","13":"purchasable","14":"product-type-simple"},"tiered_pricing_type":"fixed","tiered_pricing_fixed_rules":[],"tiered_pricing_product_settings":{"layout":"default","base_unit_name":{"singular":null,"plural":null},"default_variation":null},"tiered_pricing_minimum_quantity":null,"tiered_pricing_roles_data":[],"tiered_pricing_percentage_rules":[],"_links":{"self":[{"href":"https:\/\/lt-laborhandel.de\/en\/wp-json\/wp\/v2\/product\/10977","targetHints":{"allow":["GET"]}}],"collection":[{"href":"https:\/\/lt-laborhandel.de\/en\/wp-json\/wp\/v2\/product"}],"about":[{"href":"https:\/\/lt-laborhandel.de\/en\/wp-json\/wp\/v2\/types\/product"}],"wp:featuredmedia":[{"embeddable":true,"href":"https:\/\/lt-laborhandel.de\/en\/wp-json\/wp\/v2\/media\/10540"}],"wp:attachment":[{"href":"https:\/\/lt-laborhandel.de\/en\/wp-json\/wp\/v2\/media?parent=10977"}],"wp:term":[{"taxonomy":"product_brand","embeddable":true,"href":"https:\/\/lt-laborhandel.de\/en\/wp-json\/wp\/v2\/product_brand?post=10977"},{"taxonomy":"product_cat","embeddable":true,"href":"https:\/\/lt-laborhandel.de\/en\/wp-json\/wp\/v2\/product_cat?post=10977"},{"taxonomy":"product_tag","embeddable":true,"href":"https:\/\/lt-laborhandel.de\/en\/wp-json\/wp\/v2\/product_tag?post=10977"}],"curies":[{"name":"wp","href":"https:\/\/api.w.org\/{rel}","templated":true}]}}