{"id":10976,"date":"2022-06-17T08:13:31","date_gmt":"2022-06-17T06:13:31","guid":{"rendered":"https:\/\/lt-laborhandel.de\/produkt\/buerkle-sicherheitskanister-v4a-schraubkappe-u-uev-10-l-2601-7010\/"},"modified":"2026-01-09T21:21:22","modified_gmt":"2026-01-09T20:21:22","slug":"buerkle-sicherheitskanister-v4a-schraubkappe-u-uev-10-l-2601-7010","status":"publish","type":"product","link":"https:\/\/lt-laborhandel.de\/en\/produkt\/buerkle-sicherheitskanister-v4a-schraubkappe-u-uev-10-l-2601-7010\/","title":{"rendered":"B\u00fcrkle, Sicherheitskanister V4A, Schraubkappe u. \u00dcV, 10L, #2601-7010"},"content":{"rendered":"<p>Sicherheitskanister zum Abf\u00fcllen, f\u00fcr Transport und Lagerung von brennbaren Fl\u00fcssigkeiten, aus Edelstahl 1.4571 bei 5\u00ad und 10-Liter-Kanister und 1.4301 bei 20-Liter-Kanister.<\/p>\n<p>Explosionsschutz durch Flammensicherung und \u00dcberdruckventil. Die Kanister sind chemisch hoch best\u00e4ndig und haben eine platzsparende Bauform.<\/p>\n<p>Bei Kanistern mit \u00dcberdruckventil findet ein Druckausgleich ab ca. 0,3 bar statt.<\/p>\n<p>Sicherheitskanister mit selbstschlie\u00dfendem Feindosierer 20 l: mit separater Bel\u00fcftung. Kanister mit L\u00fcftungsschraube erm\u00f6glichen eine manuelle Luftzufuhr bei Verwendung oder manuellen Druckausgleich w\u00e4hrend der Lagerung.<\/p>\n<p>0,8 mm Wandst\u00e4rke<\/p>\n<p>Handgriffe aus massivem Edelstahl<\/p>\n<p>Verschlussgewinde 1 1\/2&#8243;<\/p>\n<p>Dichtungen aus PTFE<\/p>\n<p>UN-Transportzulassung nach GGVSEB, GGVSee, ADR, RID, IMDG Code, ICAO-TI<\/p>\n<p>Nennvolumen:\t10 l<\/p>\n<p>Material:\tEdelstahl<\/p>\n<p>Sterilit\u00e4t:\tNein<\/p>\n","protected":false},"excerpt":{"rendered":"<p><b>Zubeh\u00f6r- und Ersatzteile erhalten Sie gerne auf Anfrage!<\/b><\/p>\n","protected":false},"featured_media":10650,"template":"","meta":[],"product_brand":[],"product_cat":[216],"product_tag":[],"class_list":{"0":"post-10976","1":"product","2":"type-product","3":"status-publish","4":"has-post-thumbnail","6":"product_cat-sicherheitsbehaelter","7":"product_shipping_class-standard","9":"first","10":"instock","11":"taxable","12":"shipping-taxable","13":"purchasable","14":"product-type-simple"},"tiered_pricing_type":"fixed","tiered_pricing_fixed_rules":[],"tiered_pricing_product_settings":{"layout":"default","base_unit_name":{"singular":null,"plural":null},"default_variation":null},"tiered_pricing_minimum_quantity":null,"tiered_pricing_roles_data":[],"tiered_pricing_percentage_rules":[],"_links":{"self":[{"href":"https:\/\/lt-laborhandel.de\/en\/wp-json\/wp\/v2\/product\/10976","targetHints":{"allow":["GET"]}}],"collection":[{"href":"https:\/\/lt-laborhandel.de\/en\/wp-json\/wp\/v2\/product"}],"about":[{"href":"https:\/\/lt-laborhandel.de\/en\/wp-json\/wp\/v2\/types\/product"}],"wp:featuredmedia":[{"embeddable":true,"href":"https:\/\/lt-laborhandel.de\/en\/wp-json\/wp\/v2\/media\/10650"}],"wp:attachment":[{"href":"https:\/\/lt-laborhandel.de\/en\/wp-json\/wp\/v2\/media?parent=10976"}],"wp:term":[{"taxonomy":"product_brand","embeddable":true,"href":"https:\/\/lt-laborhandel.de\/en\/wp-json\/wp\/v2\/product_brand?post=10976"},{"taxonomy":"product_cat","embeddable":true,"href":"https:\/\/lt-laborhandel.de\/en\/wp-json\/wp\/v2\/product_cat?post=10976"},{"taxonomy":"product_tag","embeddable":true,"href":"https:\/\/lt-laborhandel.de\/en\/wp-json\/wp\/v2\/product_tag?post=10976"}],"curies":[{"name":"wp","href":"https:\/\/api.w.org\/{rel}","templated":true}]}}