{"id":10974,"date":"2022-06-17T08:13:30","date_gmt":"2022-06-17T06:13:30","guid":{"rendered":"https:\/\/lt-laborhandel.de\/produkt\/buerkle-sicherheitsbehaelter-v2a-schraubkappe-25l-trans-2601-5125\/"},"modified":"2026-01-09T21:21:21","modified_gmt":"2026-01-09T20:21:21","slug":"buerkle-sicherheitsbehaelter-v2a-schraubkappe-25l-trans-2601-5125","status":"publish","type":"product","link":"https:\/\/lt-laborhandel.de\/en\/produkt\/buerkle-sicherheitsbehaelter-v2a-schraubkappe-25l-trans-2601-5125\/","title":{"rendered":"B\u00fcrkle, Sicherheitsbeh\u00e4lter V2A, Schraubkappe, 25L, Trans. #2601-5125"},"content":{"rendered":"<p>Sicherheitsgef\u00e4\u00dfe f\u00fcr Transport und Lagerung aus hochwertigem Edelstahl 1.4301 \/ 1.4571 mit Wandst\u00e4rken 0,8 mm (10 l), 1,2 mm (25 l) und 1,5 mm (50 l). Das 25 l-Gef\u00e4\u00df ist stapelbar.<\/p>\n<p>Explosionsschutz durch Flammensicherung und \u00dcberdruckventil, Dichtungen aus PTFE, die Beh\u00e4lter sind chemisch hoch best\u00e4ndig.<\/p>\n<p>Bei Sicherheitsbeh\u00e4ltern mit \u00dcberdruckventil findet ein Druckausgleich ab ca. 0,3 bar statt.<\/p>\n<p>Bei Beh\u00e4ltern mit selbstschlie\u00dfendem Zapfhahn ist \u00fcber einen Kunststoffhebel auf der Schraubkappe Dauerbel\u00fcftung einstellbar.<\/p>\n<p>Die Inhaltsanzeige aus PFA erm\u00f6glicht eine optische Inhaltskontrolle bei Bef\u00fcllung und Entnahme.<\/p>\n<p>UN-Transportzulassung nach GGVSEB, GGVSee, ADR, RID, IMDG Code, ICAO-TI<\/p>\n<p>Nennvolumen:\t25 l<\/p>\n<p>Material:\tEdelstahl<\/p>\n<p>Sterilit\u00e4t:\tNein<\/p>\n","protected":false},"excerpt":{"rendered":"<p><b>Zubeh\u00f6r- und Ersatzteile erhalten Sie gerne auf Anfrage!<\/b><\/p>\n","protected":false},"featured_media":10650,"template":"","meta":[],"product_brand":[],"product_cat":[216],"product_tag":[],"class_list":{"0":"post-10974","1":"product","2":"type-product","3":"status-publish","4":"has-post-thumbnail","6":"product_cat-sicherheitsbehaelter","7":"product_shipping_class-standard","9":"first","10":"instock","11":"taxable","12":"shipping-taxable","13":"purchasable","14":"product-type-simple"},"tiered_pricing_type":"fixed","tiered_pricing_fixed_rules":[],"tiered_pricing_product_settings":{"layout":"default","base_unit_name":{"singular":null,"plural":null},"default_variation":null},"tiered_pricing_minimum_quantity":null,"tiered_pricing_roles_data":[],"tiered_pricing_percentage_rules":[],"_links":{"self":[{"href":"https:\/\/lt-laborhandel.de\/en\/wp-json\/wp\/v2\/product\/10974","targetHints":{"allow":["GET"]}}],"collection":[{"href":"https:\/\/lt-laborhandel.de\/en\/wp-json\/wp\/v2\/product"}],"about":[{"href":"https:\/\/lt-laborhandel.de\/en\/wp-json\/wp\/v2\/types\/product"}],"wp:featuredmedia":[{"embeddable":true,"href":"https:\/\/lt-laborhandel.de\/en\/wp-json\/wp\/v2\/media\/10650"}],"wp:attachment":[{"href":"https:\/\/lt-laborhandel.de\/en\/wp-json\/wp\/v2\/media?parent=10974"}],"wp:term":[{"taxonomy":"product_brand","embeddable":true,"href":"https:\/\/lt-laborhandel.de\/en\/wp-json\/wp\/v2\/product_brand?post=10974"},{"taxonomy":"product_cat","embeddable":true,"href":"https:\/\/lt-laborhandel.de\/en\/wp-json\/wp\/v2\/product_cat?post=10974"},{"taxonomy":"product_tag","embeddable":true,"href":"https:\/\/lt-laborhandel.de\/en\/wp-json\/wp\/v2\/product_tag?post=10974"}],"curies":[{"name":"wp","href":"https:\/\/api.w.org\/{rel}","templated":true}]}}