{"id":10963,"date":"2022-06-17T08:13:27","date_gmt":"2022-06-17T06:13:27","guid":{"rendered":"https:\/\/lt-laborhandel.de\/produkt\/buerkle-sicherheits-kanne-v4a-dosierer-u-ueberdruckv-1l-2601-1001\/"},"modified":"2026-01-09T21:21:19","modified_gmt":"2026-01-09T20:21:19","slug":"buerkle-sicherheits-kanne-v4a-dosierer-u-ueberdruckv-1l-2601-1001","status":"publish","type":"product","link":"https:\/\/lt-laborhandel.de\/en\/produkt\/buerkle-sicherheits-kanne-v4a-dosierer-u-ueberdruckv-1l-2601-1001\/","title":{"rendered":"B\u00fcrkle, Sicherheits-Kanne V4A, Dosierer u. \u00dcberdruckv., 1L, #2601-1001"},"content":{"rendered":"<p>F\u00fcr sicheres Abf\u00fcllen und Dosieren kleinerer Mengen brennbarer Fl\u00fcssigkeiten.<\/p>\n<p>Explosionsschutz durch Flammensicherung und \u00dcberdruckventil, die Beh\u00e4lter sind chemisch hoch best\u00e4ndig.<\/p>\n<p>Kanne mit herausnehmbarer Flammensicherung im Einf\u00fcllstutzen und \u00dcberdruckventil im selbstschlie\u00dfenden Feindosierer (Druckausgleich ab ca. 0,3 bar), elektropoliert.<\/p>\n<p>Edelstahl V4A (1.4571), 0,6 mm Wandst\u00e4rke<\/p>\n<p>Dichtungen aus PTFE<\/p>\n<p>Handgriff aus pulverbeschichtetem Aluminium<\/p>\n<p>Verschlussgewinde 1\u00bc&#8221;<\/p>\n<p>Nennvolumen:\t1 l<\/p>\n<p>Material:\tEdelstahl<\/p>\n<p>Sterilit\u00e4t:\tNein<\/p>\n","protected":false},"excerpt":{"rendered":"<p><b>Zubeh\u00f6r- und Ersatzteile erhalten Sie gerne auf Anfrage!<\/b><\/p>\n","protected":false},"featured_media":10538,"template":"","meta":[],"product_brand":[],"product_cat":[216],"product_tag":[],"class_list":{"0":"post-10963","1":"product","2":"type-product","3":"status-publish","4":"has-post-thumbnail","6":"product_cat-sicherheitsbehaelter","7":"product_shipping_class-standard","9":"first","10":"instock","11":"taxable","12":"shipping-taxable","13":"purchasable","14":"product-type-simple"},"tiered_pricing_type":"fixed","tiered_pricing_fixed_rules":[],"tiered_pricing_product_settings":{"layout":"default","base_unit_name":{"singular":null,"plural":null},"default_variation":null},"tiered_pricing_minimum_quantity":null,"tiered_pricing_roles_data":[],"tiered_pricing_percentage_rules":[],"_links":{"self":[{"href":"https:\/\/lt-laborhandel.de\/en\/wp-json\/wp\/v2\/product\/10963","targetHints":{"allow":["GET"]}}],"collection":[{"href":"https:\/\/lt-laborhandel.de\/en\/wp-json\/wp\/v2\/product"}],"about":[{"href":"https:\/\/lt-laborhandel.de\/en\/wp-json\/wp\/v2\/types\/product"}],"wp:featuredmedia":[{"embeddable":true,"href":"https:\/\/lt-laborhandel.de\/en\/wp-json\/wp\/v2\/media\/10538"}],"wp:attachment":[{"href":"https:\/\/lt-laborhandel.de\/en\/wp-json\/wp\/v2\/media?parent=10963"}],"wp:term":[{"taxonomy":"product_brand","embeddable":true,"href":"https:\/\/lt-laborhandel.de\/en\/wp-json\/wp\/v2\/product_brand?post=10963"},{"taxonomy":"product_cat","embeddable":true,"href":"https:\/\/lt-laborhandel.de\/en\/wp-json\/wp\/v2\/product_cat?post=10963"},{"taxonomy":"product_tag","embeddable":true,"href":"https:\/\/lt-laborhandel.de\/en\/wp-json\/wp\/v2\/product_tag?post=10963"}],"curies":[{"name":"wp","href":"https:\/\/api.w.org\/{rel}","templated":true}]}}