{"id":2729,"date":"2020-10-12T08:32:29","date_gmt":"2020-10-12T06:32:29","guid":{"rendered":"https:\/\/lt-laborhandel.de\/?page_id=2729"},"modified":"2020-11-04T16:17:18","modified_gmt":"2020-11-04T15:17:18","slug":"lieferung-und-zahlung","status":"publish","type":"page","link":"https:\/\/lt-laborhandel.de\/en\/lieferung-und-zahlung\/","title":{"rendered":"Lieferung und Zahlung"},"content":{"rendered":"<p><strong>Versand &amp; Zahlung<\/strong><\/p>\n<p>Es gelten folgende Bedingungen:<\/p>\n<p>&nbsp;<\/p>\n<p><strong>Versandbedingungen<\/strong><\/p>\n<p>Die Lieferung erfolgt im Inland (Deutschland).<\/p>\n<p>&nbsp;<\/p>\n<p><strong>Versandkosten<\/strong>\u00a0(inklusive gesetzliche Mehrwertsteuer)<\/p>\n<ul>\n<li>Wir berechnen die Versandkosten pauschal mit 5,90 \u20ac pro Bestellung.<\/li>\n<\/ul>\n<p>&nbsp;<\/p>\n<p><strong>Lieferfristen<\/strong><\/p>\n<p>Soweit im jeweiligen Angebot keine andere Frist angegeben ist, erfolgt die Lieferung der Ware im Inland (Deutschland) innerhalb von 3-5 Werktagen nach Vertragsschluss. Beachten Sie, dass an Sonn- und Feiertagen keine Zustellung erfolgt. Haben Sie Artikel mit unterschiedlichen Lieferzeiten bestellt, versenden wir die Ware in einer gemeinsamen Sendung, sofern wir keine abweichenden Vereinbarungen mit Ihnen getroffen haben. Die Lieferzeit bestimmt sich in diesem Fall nach dem Artikel mit der l\u00e4ngsten Lieferzeit den Sie bestellt haben.<\/p>\n<p><strong>Folgende Zahlungsmethoden stehen Ihnen zur Verf\u00fcgung:<\/strong><\/p>\n<p><strong>PayPal<\/strong><br \/>\nSchnell und einfach zahlen Sie mit PayPal. Hier\u00fcber k\u00f6nnen Sie auch mit einer Kreditkarte den Einkauf begleichen. Geben Sie hierzu in Ihrem Paypal-Konto Ihre Kreditkarte als Zahlungsmittel an.<\/p>\n<p><strong>Kreditkarte via PayPal Plus<\/strong><\/p>\n<p>Sie zahlen bequem und sicher per Visa oder Mastercard. Nach erfolgter Zahlung f\u00fchren wir den Auftrag f\u00fcr Sie aus.<\/p>\n<p><strong>Kauf auf Rechnung via PayPal Plus<\/strong><\/p>\n<p>Bei einer Zahlung auf Rechnung ist der Rechnungbetrag innerhalb von 30 Tagen an PayPal zu zahlen. Detaillierte Zahlungsinformationen entnehmen Sie bitte Ihrer Auftragsbest\u00e4tigung und Rechnung.<\/p>\n<p>LT Laborhandel GmbH \u2013 hat die Forderung gegen Sie im Rahmen eines laufenden Factoringvertrages an die PayPal (Europe) S.\u00e0r.l. et Cie, S.C.A. abgetreten. Zahlungen mit schuldbefreiender Wirkung k\u00f6nnen nur an die PayPal (Europe) S.\u00e0r.l. et Cie, S.C.A. geleistet werden.<\/p>\n<p><strong>Lastschrift via PayPal Plus<\/strong><\/p>\n<p>Sie zahlen den Kaufpreis schnell und sicher durch Eingabe Ihrer Bankverbindung im Abschluss Ihrer Bestellung.<\/p>\n<p>&nbsp;<\/p>\n","protected":false},"excerpt":{"rendered":"<p>Versand &amp; Zahlung Es gelten folgende Bedingungen: &nbsp; Versandbedingungen Die Lieferung erfolgt im Inland (Deutschland). &nbsp; Versandkosten\u00a0(inklusive gesetzliche Mehrwertsteuer) Wir berechnen die Versandkosten pauschal mit 5,90 \u20ac pro Bestellung. &nbsp; Lieferfristen Soweit im jeweiligen Angebot keine andere Frist angegeben ist, erfolgt die Lieferung der Ware im Inland (Deutschland) innerhalb von 3-5 Werktagen nach Vertragsschluss. Beachten [&hellip;]<\/p>\n","protected":false},"author":1,"featured_media":0,"parent":0,"menu_order":0,"comment_status":"closed","ping_status":"closed","template":"","meta":{"footnotes":""},"class_list":["post-2729","page","type-page","status-publish","hentry"],"_links":{"self":[{"href":"https:\/\/lt-laborhandel.de\/en\/wp-json\/wp\/v2\/pages\/2729","targetHints":{"allow":["GET"]}}],"collection":[{"href":"https:\/\/lt-laborhandel.de\/en\/wp-json\/wp\/v2\/pages"}],"about":[{"href":"https:\/\/lt-laborhandel.de\/en\/wp-json\/wp\/v2\/types\/page"}],"author":[{"embeddable":true,"href":"https:\/\/lt-laborhandel.de\/en\/wp-json\/wp\/v2\/users\/1"}],"replies":[{"embeddable":true,"href":"https:\/\/lt-laborhandel.de\/en\/wp-json\/wp\/v2\/comments?post=2729"}],"version-history":[{"count":3,"href":"https:\/\/lt-laborhandel.de\/en\/wp-json\/wp\/v2\/pages\/2729\/revisions"}],"predecessor-version":[{"id":2803,"href":"https:\/\/lt-laborhandel.de\/en\/wp-json\/wp\/v2\/pages\/2729\/revisions\/2803"}],"wp:attachment":[{"href":"https:\/\/lt-laborhandel.de\/en\/wp-json\/wp\/v2\/media?parent=2729"}],"curies":[{"name":"wp","href":"https:\/\/api.w.org\/{rel}","templated":true}]}}